{"id":859,"date":"2019-08-26T14:38:48","date_gmt":"2019-08-26T14:38:48","guid":{"rendered":"http:\/\/localhost\/?page_id=859"},"modified":"2025-01-13T19:29:52","modified_gmt":"2025-01-13T18:29:52","slug":"ponuka-spoluprace","status":"publish","type":"page","link":"https:\/\/www.adlerplus.sk\/en\/ponuka-spoluprace\/","title":{"rendered":"Work with us"},"content":{"rendered":"<div data-elementor-type=\"wp-post\" data-elementor-id=\"859\" class=\"elementor elementor-859\" data-elementor-post-type=\"page\">\n\t\t\t\t\t\t<section class=\"elementor-section elementor-top-section elementor-element elementor-element-ba9735a elementor-section-height-min-height elementor-section-boxed elementor-section-height-default elementor-section-items-middle\" data-id=\"ba9735a\" data-element_type=\"section\" data-settings=\"{&quot;background_background&quot;:&quot;classic&quot;}\">\n\t\t\t\t\t\t<div class=\"elementor-container elementor-column-gap-default\">\n\t\t\t\t\t<div class=\"elementor-column elementor-col-100 elementor-top-column elementor-element elementor-element-1afb2ee\" data-id=\"1afb2ee\" data-element_type=\"column\">\n\t\t\t<div class=\"elementor-widget-wrap elementor-element-populated\">\n\t\t\t\t\t\t<div class=\"elementor-element elementor-element-9183700 elementor-widget elementor-widget-heading\" data-id=\"9183700\" data-element_type=\"widget\" data-widget_type=\"heading.default\">\n\t\t\t\t<div class=\"elementor-widget-container\">\n\t\t\t\t\t<p class=\"elementor-heading-title elementor-size-xl\">Ponuka ve\u013ekoobchodnej spolupr\u00e1ce<\/p>\t\t\t\t<\/div>\n\t\t\t\t<\/div>\n\t\t\t\t<div class=\"elementor-element elementor-element-ffdc049 elementor-widget elementor-widget-heading\" data-id=\"ffdc049\" data-element_type=\"widget\" data-widget_type=\"heading.default\">\n\t\t\t\t<div class=\"elementor-widget-container\">\n\t\t\t\t\t<p class=\"elementor-heading-title elementor-size-medium\">H\u013dAD\u00c1ME PARTNEROV, S KTOR\u00ddMI BUDEME SPOLO\u010cNE R\u00c1S\u0164<\/p>\t\t\t\t<\/div>\n\t\t\t\t<\/div>\n\t\t\t\t\t<\/div>\n\t\t<\/div>\n\t\t\t\t\t<\/div>\n\t\t<\/section>\n\t\t\t\t<section class=\"elementor-section elementor-top-section elementor-element elementor-element-1107a0f8 elementor-section-boxed elementor-section-height-default elementor-section-height-default\" data-id=\"1107a0f8\" data-element_type=\"section\">\n\t\t\t\t\t\t<div class=\"elementor-container elementor-column-gap-default\">\n\t\t\t\t\t<div class=\"elementor-column elementor-col-100 elementor-top-column elementor-element elementor-element-1537d581\" data-id=\"1537d581\" data-element_type=\"column\">\n\t\t\t<div class=\"elementor-widget-wrap elementor-element-populated\">\n\t\t\t\t\t\t<div class=\"elementor-element elementor-element-6c9430c elementor-widget elementor-widget-heading\" data-id=\"6c9430c\" data-element_type=\"widget\" data-widget_type=\"heading.default\">\n\t\t\t\t<div class=\"elementor-widget-container\">\n\t\t\t\t\t<h3 class=\"elementor-heading-title elementor-size-default\">H\u013ead\u00e1me partnerov, ktor\u00ed n\u00e1m pom\u00f4\u017eu pred\u00e1va\u0165 na\u0161e v\u00fdrobky a spolo\u010dne s nimi budeme r\u00e1s\u0165.<\/h3>\t\t\t\t<\/div>\n\t\t\t\t<\/div>\n\t\t\t\t<div class=\"elementor-element elementor-element-4a0a67b elementor-widget elementor-widget-accordion\" data-id=\"4a0a67b\" data-element_type=\"widget\" data-widget_type=\"accordion.default\">\n\t\t\t\t<div class=\"elementor-widget-container\">\n\t\t\t\t\t\t\t<div class=\"elementor-accordion\">\n\t\t\t\t\t\t\t<div class=\"elementor-accordion-item\">\n\t\t\t\t\t<div id=\"elementor-tab-title-7761\" class=\"elementor-tab-title\" data-tab=\"1\" role=\"button\" aria-controls=\"elementor-tab-content-7761\" aria-expanded=\"false\">\n\t\t\t\t\t\t\t\t\t\t\t\t\t<span class=\"elementor-accordion-icon elementor-accordion-icon-left\" aria-hidden=\"true\">\n\t\t\t\t\t\t\t\t\t\t\t\t\t\t\t<span class=\"elementor-accordion-icon-closed\"><i class=\"fas fa-plus\"><\/i><\/span>\n\t\t\t\t\t\t\t\t<span class=\"elementor-accordion-icon-opened\"><i class=\"fas fa-minus\"><\/i><\/span>\n\t\t\t\t\t\t\t\t\t\t\t\t\t\t<\/span>\n\t\t\t\t\t\t\t\t\t\t\t\t<a class=\"elementor-accordion-title\" tabindex=\"0\">Family business<\/a>\n\t\t\t\t\t<\/div>\n\t\t\t\t\t<div id=\"elementor-tab-content-7761\" class=\"elementor-tab-content elementor-clearfix\" data-tab=\"1\" role=\"region\" aria-labelledby=\"elementor-tab-title-7761\"><p><span style=\"font-size: 15px; color: var( --e-global-color-text ); font-family: var( --e-global-typography-text-font-family ), Sans-serif;\">We are a family-owned business with a production of approximately 1,500 products per month, so we can better respond to client requests and adapt to their needs. We are always by their side.<\/span><\/p><\/div>\n\t\t\t\t<\/div>\n\t\t\t\t\t\t\t<div class=\"elementor-accordion-item\">\n\t\t\t\t\t<div id=\"elementor-tab-title-7762\" class=\"elementor-tab-title\" data-tab=\"2\" role=\"button\" aria-controls=\"elementor-tab-content-7762\" aria-expanded=\"false\">\n\t\t\t\t\t\t\t\t\t\t\t\t\t<span class=\"elementor-accordion-icon elementor-accordion-icon-left\" aria-hidden=\"true\">\n\t\t\t\t\t\t\t\t\t\t\t\t\t\t\t<span class=\"elementor-accordion-icon-closed\"><i class=\"fas fa-plus\"><\/i><\/span>\n\t\t\t\t\t\t\t\t<span class=\"elementor-accordion-icon-opened\"><i class=\"fas fa-minus\"><\/i><\/span>\n\t\t\t\t\t\t\t\t\t\t\t\t\t\t<\/span>\n\t\t\t\t\t\t\t\t\t\t\t\t<a class=\"elementor-accordion-title\" tabindex=\"0\">Kvalitn\u00e9 materi\u00e1ly<\/a>\n\t\t\t\t\t<\/div>\n\t\t\t\t\t<div id=\"elementor-tab-content-7762\" class=\"elementor-tab-content elementor-clearfix\" data-tab=\"2\" role=\"region\" aria-labelledby=\"elementor-tab-title-7762\"><p><span style=\"font-size: 15px; color: var( --e-global-color-text ); font-family: var( --e-global-typography-text-font-family ), Sans-serif;\">Pri v\u00fdrobe okien a dver\u00ed je pre n\u00e1s kvalita prvorad\u00e1. Medzi na\u0161ich partnerov patria nemeck\u00e9 spolo\u010dnosti SALAMANDER a SCH\u00dcCO pre plastov\u00e9 profily, \u010di SIEGENIA a jej kovanie, ktor\u00ed s\u00fa z\u00e1rukou kvality.<\/span><\/p><\/div>\n\t\t\t\t<\/div>\n\t\t\t\t\t\t\t<div class=\"elementor-accordion-item\">\n\t\t\t\t\t<div id=\"elementor-tab-title-7763\" class=\"elementor-tab-title\" data-tab=\"3\" role=\"button\" aria-controls=\"elementor-tab-content-7763\" aria-expanded=\"false\">\n\t\t\t\t\t\t\t\t\t\t\t\t\t<span class=\"elementor-accordion-icon elementor-accordion-icon-left\" aria-hidden=\"true\">\n\t\t\t\t\t\t\t\t\t\t\t\t\t\t\t<span class=\"elementor-accordion-icon-closed\"><i class=\"fas fa-plus\"><\/i><\/span>\n\t\t\t\t\t\t\t\t<span class=\"elementor-accordion-icon-opened\"><i class=\"fas fa-minus\"><\/i><\/span>\n\t\t\t\t\t\t\t\t\t\t\t\t\t\t<\/span>\n\t\t\t\t\t\t\t\t\t\t\t\t<a class=\"elementor-accordion-title\" tabindex=\"0\">Time-tested windows<\/a>\n\t\t\t\t\t<\/div>\n\t\t\t\t\t<div id=\"elementor-tab-content-7763\" class=\"elementor-tab-content elementor-clearfix\" data-tab=\"3\" role=\"region\" aria-labelledby=\"elementor-tab-title-7763\"><p><span style=\"font-size: 15px; color: var( --e-global-color-text ); font-family: var( --e-global-typography-text-font-family ), Sans-serif;\">Plastov\u00e9 okn\u00e1 a dvere vyr\u00e1bame u\u017e viac ako 20 rokov, teda s v\u00fdrobou m\u00e1me mnoho sk\u00fasenost\u00ed a vieme poradi\u0165 najvhodnej\u0161ie rie\u0161enia a postupy. V\u0161etky na\u0161e v\u00fdrobky s\u00fa samozrejme CERTIFIKOVAN\u00c9.\u00a0<\/span><\/p><\/div>\n\t\t\t\t<\/div>\n\t\t\t\t\t\t\t<div class=\"elementor-accordion-item\">\n\t\t\t\t\t<div id=\"elementor-tab-title-7764\" class=\"elementor-tab-title\" data-tab=\"4\" role=\"button\" aria-controls=\"elementor-tab-content-7764\" aria-expanded=\"false\">\n\t\t\t\t\t\t\t\t\t\t\t\t\t<span class=\"elementor-accordion-icon elementor-accordion-icon-left\" aria-hidden=\"true\">\n\t\t\t\t\t\t\t\t\t\t\t\t\t\t\t<span class=\"elementor-accordion-icon-closed\"><i class=\"fas fa-plus\"><\/i><\/span>\n\t\t\t\t\t\t\t\t<span class=\"elementor-accordion-icon-opened\"><i class=\"fas fa-minus\"><\/i><\/span>\n\t\t\t\t\t\t\t\t\t\t\t\t\t\t<\/span>\n\t\t\t\t\t\t\t\t\t\t\t\t<a class=\"elementor-accordion-title\" tabindex=\"0\">Moder\u00e9n technol\u00f3gie<\/a>\n\t\t\t\t\t<\/div>\n\t\t\t\t\t<div id=\"elementor-tab-content-7764\" class=\"elementor-tab-content elementor-clearfix\" data-tab=\"4\" role=\"region\" aria-labelledby=\"elementor-tab-title-7764\"><p><span style=\"font-size: 15px; color: var( --e-global-color-text ); font-family: var( --e-global-typography-text-font-family ), Sans-serif;\">We follow new trends and technologies and try to keep pace with them. We constantly invest in the company's machine and software equipment and make progress. We create Industry 4.0.<\/span><\/p><\/div>\n\t\t\t\t<\/div>\n\t\t\t\t\t\t\t<div class=\"elementor-accordion-item\">\n\t\t\t\t\t<div id=\"elementor-tab-title-7765\" class=\"elementor-tab-title\" data-tab=\"5\" role=\"button\" aria-controls=\"elementor-tab-content-7765\" aria-expanded=\"false\">\n\t\t\t\t\t\t\t\t\t\t\t\t\t<span class=\"elementor-accordion-icon elementor-accordion-icon-left\" aria-hidden=\"true\">\n\t\t\t\t\t\t\t\t\t\t\t\t\t\t\t<span class=\"elementor-accordion-icon-closed\"><i class=\"fas fa-plus\"><\/i><\/span>\n\t\t\t\t\t\t\t\t<span class=\"elementor-accordion-icon-opened\"><i class=\"fas fa-minus\"><\/i><\/span>\n\t\t\t\t\t\t\t\t\t\t\t\t\t\t<\/span>\n\t\t\t\t\t\t\t\t\t\t\t\t<a class=\"elementor-accordion-title\" tabindex=\"0\">Software a podpora<\/a>\n\t\t\t\t\t<\/div>\n\t\t\t\t\t<div id=\"elementor-tab-content-7765\" class=\"elementor-tab-content elementor-clearfix\" data-tab=\"5\" role=\"region\" aria-labelledby=\"elementor-tab-title-7765\"><p><span style=\"font-size: 15px; color: var( --e-global-color-text ); font-family: var( --e-global-typography-text-font-family ), Sans-serif;\">Na\u0161im obchodn\u00fdm partnerom poskytujeme software pre cenov\u00e9 ponuky a objedn\u00e1vku v\u00fdrobkov a taktie\u017e im vieme zabezpe\u010di\u0165 dopravu objednan\u00fdch okien a dver\u00ed a\u017e k nim. Samozrejmos\u0165ou je technick\u00e1 a reklamn\u00e1 podpora.<\/span><\/p><\/div>\n\t\t\t\t<\/div>\n\t\t\t\t\t\t\t\t<\/div>\n\t\t\t\t\t\t<\/div>\n\t\t\t\t<\/div>\n\t\t\t\t\t<\/div>\n\t\t<\/div>\n\t\t\t\t\t<\/div>\n\t\t<\/section>\n\t\t\t\t<section class=\"elementor-section elementor-top-section elementor-element elementor-element-5ccc118 elementor-section-boxed elementor-section-height-default elementor-section-height-default\" data-id=\"5ccc118\" data-element_type=\"section\">\n\t\t\t\t\t\t<div class=\"elementor-container elementor-column-gap-default\">\n\t\t\t\t\t<div class=\"elementor-column elementor-col-100 elementor-top-column elementor-element elementor-element-0ac5b3a\" data-id=\"0ac5b3a\" data-element_type=\"column\">\n\t\t\t<div class=\"elementor-widget-wrap elementor-element-populated\">\n\t\t\t\t\t\t<div class=\"elementor-element elementor-element-2570eaa elementor-widget elementor-widget-text-editor\" data-id=\"2570eaa\" data-element_type=\"widget\" data-widget_type=\"text-editor.default\">\n\t\t\t\t<div class=\"elementor-widget-container\">\n\t\t\t\t\t\t\t\t\t<p style=\"text-align: center;\"><span style=\"font-size: 20px; color: var( --e-global-color-text ); font-family: var( --e-global-typography-text-font-family ), Sans-serif;\">Zaujala V\u00e1s na\u0161a ponuka? Chceli by ste sa dozvedie\u0165<\/span><span style=\"font-size: 20px; color: var( --e-global-color-text ); font-family: var( --e-global-typography-text-font-family ), Sans-serif;\"> vi<\/span><span style=\"font-size: 20px; color: var( --e-global-color-text ); font-family: var( --e-global-typography-text-font-family ), Sans-serif;\">ac?<\/span><span style=\"font-size: 20px; color: var( --e-global-color-text ); font-family: var( --e-global-typography-text-font-family ), Sans-serif;\"> Nev\u00e1hajte n\u00e1s kontaktova\u0165&#8230;<\/span><\/p>\t\t\t\t\t\t\t\t<\/div>\n\t\t\t\t<\/div>\n\t\t\t\t<div class=\"elementor-element elementor-element-ea5c75d elementor-button-align-stretch elementor-widget elementor-widget-form\" data-id=\"ea5c75d\" data-element_type=\"widget\" data-settings=\"{&quot;step_next_label&quot;:&quot;\\u010eal\\u0161ie&quot;,&quot;step_previous_label&quot;:&quot;Predo\\u0161l\\u00e9&quot;,&quot;button_width&quot;:&quot;100&quot;,&quot;step_type&quot;:&quot;number_text&quot;,&quot;step_icon_shape&quot;:&quot;circle&quot;}\" data-widget_type=\"form.default\">\n\t\t\t\t<div class=\"elementor-widget-container\">\n\t\t\t\t\t\t\t<form class=\"elementor-form\" method=\"post\" name=\"Formul\u00e1r spolupr\u00e1ca\" aria-label=\"Formul\u00e1r spolupr\u00e1ca\" action=\"\">\n\t\t\t<input type=\"hidden\" name=\"post_id\" value=\"859\"\/>\n\t\t\t<input type=\"hidden\" name=\"form_id\" value=\"ea5c75d\"\/>\n\t\t\t<input type=\"hidden\" name=\"referer_title\" value=\"ADLER Plus s.r.o.\" \/>\n\n\t\t\t\n\t\t\t<div class=\"elementor-form-fields-wrapper elementor-labels-above\">\n\t\t\t\t\t\t\t\t<div class=\"elementor-field-type-text elementor-field-group elementor-column elementor-field-group-name elementor-col-100 elementor-field-required elementor-mark-required\">\n\t\t\t\t\t\t\t\t\t\t\t\t<label for=\"form-field-name\" class=\"elementor-field-label\">\n\t\t\t\t\t\t\t\tMeno \/ n\u00e1zov firmy\t\t\t\t\t\t\t<\/label>\n\t\t\t\t\t\t\t\t\t\t\t\t\t\t<input size=\"1\" type=\"text\" name=\"form_fields[name]\" id=\"form-field-name\" class=\"elementor-field elementor-size-sm  elementor-field-textual\" required=\"required\">\n\t\t\t\t\t\t\t\t\t\t\t<\/div>\n\t\t\t\t\t\t\t\t<div class=\"elementor-field-type-email elementor-field-group elementor-column elementor-field-group-email elementor-col-100 elementor-field-required elementor-mark-required\">\n\t\t\t\t\t\t\t\t\t\t\t\t<label for=\"form-field-email\" class=\"elementor-field-label\">\n\t\t\t\t\t\t\t\tEmail \/ mobil\t\t\t\t\t\t\t<\/label>\n\t\t\t\t\t\t\t\t\t\t\t\t\t\t<input size=\"1\" type=\"email\" name=\"form_fields[email]\" id=\"form-field-email\" class=\"elementor-field elementor-size-sm  elementor-field-textual\" placeholder=\"@\" required=\"required\">\n\t\t\t\t\t\t\t\t\t\t\t<\/div>\n\t\t\t\t\t\t\t\t<div class=\"elementor-field-type-textarea elementor-field-group elementor-column elementor-field-group-message elementor-col-100\">\n\t\t\t\t\t\t\t\t\t\t\t\t<label for=\"form-field-message\" class=\"elementor-field-label\">\n\t\t\t\t\t\t\t\tMessage *\t\t\t\t\t\t\t<\/label>\n\t\t\t\t\t\t<textarea class=\"elementor-field-textual elementor-field  elementor-size-sm\" name=\"form_fields[message]\" id=\"form-field-message\" rows=\"4\" placeholder=\"Message *\"><\/textarea>\t\t\t\t<\/div>\n\t\t\t\t\t\t\t\t<div class=\"elementor-field-group elementor-column elementor-field-type-submit elementor-col-100 e-form__buttons\">\n\t\t\t\t\t<button class=\"elementor-button elementor-size-sm\" type=\"submit\">\n\t\t\t\t\t\t<span class=\"elementor-button-content-wrapper\">\n\t\t\t\t\t\t\t\t\t\t\t\t\t\t\t\t\t\t\t\t\t\t<span class=\"elementor-button-text\">Posla\u0165<\/span>\n\t\t\t\t\t\t\t\t\t\t\t\t\t<\/span>\n\t\t\t\t\t<\/button>\n\t\t\t\t<\/div>\n\t\t\t<\/div>\n\t\t<input type=\"hidden\" name=\"trp-form-language\" value=\"en\"\/><\/form>\n\t\t\t\t\t\t<\/div>\n\t\t\t\t<\/div>\n\t\t\t\t\t<\/div>\n\t\t<\/div>\n\t\t\t\t\t<\/div>\n\t\t<\/section>\n\t\t\t\t<\/div>","protected":false},"excerpt":{"rendered":"<p>Ponuka ve\u013ekoobchodnej spolupr\u00e1ce H\u013dAD\u00c1ME PARTNEROV, S KTOR\u00ddMI BUDEME SPOLO\u010cNE R\u00c1S\u0164 H\u013ead\u00e1me partnerov, ktor\u00ed n\u00e1m pom\u00f4\u017eu pred\u00e1va\u0165 na\u0161e v\u00fdrobky a spolo\u010dne s nimi budeme r\u00e1s\u0165. Rodinn\u00fd podnik Sme men\u0161ia rodinn\u00e1 firma s produkciou cca 1500 v\u00fdrobkov mesa\u010dne, teda na po\u017eiadavky klientov vieme lep\u0161ie reagova\u0165 a prisp\u00f4sobi\u0165 sa ich potreb\u00e1m. Sme im st\u00e1le po boku. Kvalitn\u00e9 materi\u00e1ly [&hellip;]<\/p>","protected":false},"author":1,"featured_media":5753,"parent":0,"menu_order":0,"comment_status":"closed","ping_status":"closed","template":"","meta":{"footnotes":""},"class_list":["post-859","page","type-page","status-publish","has-post-thumbnail","hentry"],"yoast_head":"<!-- This site is optimized with the Yoast SEO plugin v25.5 - https:\/\/yoast.com\/wordpress\/plugins\/seo\/ -->\n<title>H\u013ead\u00e1te stabiln\u00e9ho a kvalitn\u00e9ho dod\u00e1vate\u013ea? ADLER Plus s.r.o.<\/title>\n<meta name=\"description\" content=\"H\u013ead\u00e1te dod\u00e1vate\u013ea plastov\u00fdch okien a dver\u00ed? Chcete kvalitu za super ceny? Nev\u00e1hajte n\u00e1s kontaktova\u0165 oh\u013eadom mo\u017enej spolupr\u00e1ce pri predaji.\" \/>\n<meta name=\"robots\" content=\"index, follow, max-snippet:-1, max-image-preview:large, max-video-preview:-1\" \/>\n<link rel=\"canonical\" href=\"https:\/\/www.adlerplus.sk\/en\/ponuka-spoluprace\/\" \/>\n<meta property=\"og:locale\" content=\"en_US\" \/>\n<meta property=\"og:type\" content=\"article\" \/>\n<meta property=\"og:title\" content=\"H\u013ead\u00e1te stabiln\u00e9ho a kvalitn\u00e9ho dod\u00e1vate\u013ea? ADLER Plus s.r.o.\" \/>\n<meta property=\"og:description\" content=\"H\u013ead\u00e1te dod\u00e1vate\u013ea plastov\u00fdch okien a dver\u00ed? Chcete kvalitu za super ceny? Nev\u00e1hajte n\u00e1s kontaktova\u0165 oh\u013eadom mo\u017enej spolupr\u00e1ce pri predaji.\" \/>\n<meta property=\"og:url\" content=\"https:\/\/www.adlerplus.sk\/en\/ponuka-spoluprace\/\" \/>\n<meta property=\"og:site_name\" content=\"ADLER Plus s.r.o.\" \/>\n<meta property=\"article:modified_time\" content=\"2025-01-13T18:29:52+00:00\" \/>\n<meta property=\"og:image\" content=\"https:\/\/www.adlerplus.sk\/wp-content\/uploads\/2025\/01\/plastove-okna-dom-3.jpg\" \/>\n\t<meta property=\"og:image:width\" content=\"1920\" \/>\n\t<meta property=\"og:image:height\" content=\"1016\" \/>\n\t<meta property=\"og:image:type\" content=\"image\/jpeg\" \/>\n<meta name=\"twitter:card\" content=\"summary_large_image\" \/>\n<meta name=\"twitter:label1\" content=\"Est. reading time\" \/>\n\t<meta name=\"twitter:data1\" content=\"2 minutes\" \/>\n<script type=\"application\/ld+json\" class=\"yoast-schema-graph\">{\"@context\":\"https:\/\/schema.org\",\"@graph\":[{\"@type\":\"WebPage\",\"@id\":\"https:\/\/www.adlerplus.sk\/en\/ponuka-spoluprace\/\",\"url\":\"https:\/\/www.adlerplus.sk\/en\/ponuka-spoluprace\/\",\"name\":\"H\u013ead\u00e1te stabiln\u00e9ho a kvalitn\u00e9ho dod\u00e1vate\u013ea? ADLER Plus s.r.o.\",\"isPartOf\":{\"@id\":\"https:\/\/www.adlerplus.sk\/#website\"},\"primaryImageOfPage\":{\"@id\":\"https:\/\/www.adlerplus.sk\/en\/ponuka-spoluprace\/#primaryimage\"},\"image\":{\"@id\":\"https:\/\/www.adlerplus.sk\/en\/ponuka-spoluprace\/#primaryimage\"},\"thumbnailUrl\":\"https:\/\/www.adlerplus.sk\/wp-content\/uploads\/2025\/01\/plastove-okna-dom-3.jpg\",\"datePublished\":\"2019-08-26T14:38:48+00:00\",\"dateModified\":\"2025-01-13T18:29:52+00:00\",\"description\":\"H\u013ead\u00e1te dod\u00e1vate\u013ea plastov\u00fdch okien a dver\u00ed? Chcete kvalitu za super ceny? Nev\u00e1hajte n\u00e1s kontaktova\u0165 oh\u013eadom mo\u017enej spolupr\u00e1ce pri predaji.\",\"breadcrumb\":{\"@id\":\"https:\/\/www.adlerplus.sk\/en\/ponuka-spoluprace\/#breadcrumb\"},\"inLanguage\":\"en-US\",\"potentialAction\":[{\"@type\":\"ReadAction\",\"target\":[\"https:\/\/www.adlerplus.sk\/en\/ponuka-spoluprace\/\"]}]},{\"@type\":\"ImageObject\",\"inLanguage\":\"en-US\",\"@id\":\"https:\/\/www.adlerplus.sk\/en\/ponuka-spoluprace\/#primaryimage\",\"url\":\"https:\/\/www.adlerplus.sk\/wp-content\/uploads\/2025\/01\/plastove-okna-dom-3.jpg\",\"contentUrl\":\"https:\/\/www.adlerplus.sk\/wp-content\/uploads\/2025\/01\/plastove-okna-dom-3.jpg\",\"width\":1920,\"height\":1016,\"caption\":\"dodavetel okien adler plus\"},{\"@type\":\"BreadcrumbList\",\"@id\":\"https:\/\/www.adlerplus.sk\/en\/ponuka-spoluprace\/#breadcrumb\",\"itemListElement\":[{\"@type\":\"ListItem\",\"position\":1,\"name\":\"Home\",\"item\":\"https:\/\/www.adlerplus.sk\/\"},{\"@type\":\"ListItem\",\"position\":2,\"name\":\"Ponuka spolupr\u00e1ce\"}]},{\"@type\":\"WebSite\",\"@id\":\"https:\/\/www.adlerplus.sk\/#website\",\"url\":\"https:\/\/www.adlerplus.sk\/\",\"name\":\"ADLER Plus s.r.o.\",\"description\":\"V\u00fdroba plastov\u00fdch okien a dver\u00ed\",\"publisher\":{\"@id\":\"https:\/\/www.adlerplus.sk\/#organization\"},\"potentialAction\":[{\"@type\":\"SearchAction\",\"target\":{\"@type\":\"EntryPoint\",\"urlTemplate\":\"https:\/\/www.adlerplus.sk\/?s={search_term_string}\"},\"query-input\":{\"@type\":\"PropertyValueSpecification\",\"valueRequired\":true,\"valueName\":\"search_term_string\"}}],\"inLanguage\":\"en-US\"},{\"@type\":\"Organization\",\"@id\":\"https:\/\/www.adlerplus.sk\/#organization\",\"name\":\"ADLER Plus s.r.o.\",\"url\":\"https:\/\/www.adlerplus.sk\/\",\"logo\":{\"@type\":\"ImageObject\",\"inLanguage\":\"en-US\",\"@id\":\"https:\/\/www.adlerplus.sk\/#\/schema\/logo\/image\/\",\"url\":\"https:\/\/www.adlerplus.sk\/wp-content\/uploads\/2019\/08\/logo-adler-retina-screen.png\",\"contentUrl\":\"https:\/\/www.adlerplus.sk\/wp-content\/uploads\/2019\/08\/logo-adler-retina-screen.png\",\"width\":700,\"height\":153,\"caption\":\"ADLER Plus s.r.o.\"},\"image\":{\"@id\":\"https:\/\/www.adlerplus.sk\/#\/schema\/logo\/image\/\"}}]}<\/script>\n<!-- \/ Yoast SEO plugin. -->","yoast_head_json":{"title":"H\u013ead\u00e1te stabiln\u00e9ho a kvalitn\u00e9ho dod\u00e1vate\u013ea? ADLER Plus s.r.o.","description":"H\u013ead\u00e1te dod\u00e1vate\u013ea plastov\u00fdch okien a dver\u00ed? Chcete kvalitu za super ceny? Nev\u00e1hajte n\u00e1s kontaktova\u0165 oh\u013eadom mo\u017enej spolupr\u00e1ce pri predaji.","robots":{"index":"index","follow":"follow","max-snippet":"max-snippet:-1","max-image-preview":"max-image-preview:large","max-video-preview":"max-video-preview:-1"},"canonical":"https:\/\/www.adlerplus.sk\/en\/ponuka-spoluprace\/","og_locale":"en_US","og_type":"article","og_title":"H\u013ead\u00e1te stabiln\u00e9ho a kvalitn\u00e9ho dod\u00e1vate\u013ea? ADLER Plus s.r.o.","og_description":"H\u013ead\u00e1te dod\u00e1vate\u013ea plastov\u00fdch okien a dver\u00ed? Chcete kvalitu za super ceny? Nev\u00e1hajte n\u00e1s kontaktova\u0165 oh\u013eadom mo\u017enej spolupr\u00e1ce pri predaji.","og_url":"https:\/\/www.adlerplus.sk\/en\/ponuka-spoluprace\/","og_site_name":"ADLER Plus s.r.o.","article_modified_time":"2025-01-13T18:29:52+00:00","og_image":[{"width":1920,"height":1016,"url":"https:\/\/www.adlerplus.sk\/wp-content\/uploads\/2025\/01\/plastove-okna-dom-3.jpg","type":"image\/jpeg"}],"twitter_card":"summary_large_image","twitter_misc":{"Est. reading time":"2 minutes"},"schema":{"@context":"https:\/\/schema.org","@graph":[{"@type":"WebPage","@id":"https:\/\/www.adlerplus.sk\/en\/ponuka-spoluprace\/","url":"https:\/\/www.adlerplus.sk\/en\/ponuka-spoluprace\/","name":"H\u013ead\u00e1te stabiln\u00e9ho a kvalitn\u00e9ho dod\u00e1vate\u013ea? ADLER Plus s.r.o.","isPartOf":{"@id":"https:\/\/www.adlerplus.sk\/#website"},"primaryImageOfPage":{"@id":"https:\/\/www.adlerplus.sk\/en\/ponuka-spoluprace\/#primaryimage"},"image":{"@id":"https:\/\/www.adlerplus.sk\/en\/ponuka-spoluprace\/#primaryimage"},"thumbnailUrl":"https:\/\/www.adlerplus.sk\/wp-content\/uploads\/2025\/01\/plastove-okna-dom-3.jpg","datePublished":"2019-08-26T14:38:48+00:00","dateModified":"2025-01-13T18:29:52+00:00","description":"H\u013ead\u00e1te dod\u00e1vate\u013ea plastov\u00fdch okien a dver\u00ed? Chcete kvalitu za super ceny? Nev\u00e1hajte n\u00e1s kontaktova\u0165 oh\u013eadom mo\u017enej spolupr\u00e1ce pri predaji.","breadcrumb":{"@id":"https:\/\/www.adlerplus.sk\/en\/ponuka-spoluprace\/#breadcrumb"},"inLanguage":"en-US","potentialAction":[{"@type":"ReadAction","target":["https:\/\/www.adlerplus.sk\/en\/ponuka-spoluprace\/"]}]},{"@type":"ImageObject","inLanguage":"en-US","@id":"https:\/\/www.adlerplus.sk\/en\/ponuka-spoluprace\/#primaryimage","url":"https:\/\/www.adlerplus.sk\/wp-content\/uploads\/2025\/01\/plastove-okna-dom-3.jpg","contentUrl":"https:\/\/www.adlerplus.sk\/wp-content\/uploads\/2025\/01\/plastove-okna-dom-3.jpg","width":1920,"height":1016,"caption":"dodavetel okien adler plus"},{"@type":"BreadcrumbList","@id":"https:\/\/www.adlerplus.sk\/en\/ponuka-spoluprace\/#breadcrumb","itemListElement":[{"@type":"ListItem","position":1,"name":"Home","item":"https:\/\/www.adlerplus.sk\/"},{"@type":"ListItem","position":2,"name":"Ponuka spolupr\u00e1ce"}]},{"@type":"WebSite","@id":"https:\/\/www.adlerplus.sk\/#website","url":"https:\/\/www.adlerplus.sk\/","name":"ADLER Plus s.r.o.","description":"V\u00fdroba plastov\u00fdch okien a dver\u00ed","publisher":{"@id":"https:\/\/www.adlerplus.sk\/#organization"},"potentialAction":[{"@type":"SearchAction","target":{"@type":"EntryPoint","urlTemplate":"https:\/\/www.adlerplus.sk\/?s={search_term_string}"},"query-input":{"@type":"PropertyValueSpecification","valueRequired":true,"valueName":"search_term_string"}}],"inLanguage":"en-US"},{"@type":"Organization","@id":"https:\/\/www.adlerplus.sk\/#organization","name":"ADLER Plus s.r.o.","url":"https:\/\/www.adlerplus.sk\/","logo":{"@type":"ImageObject","inLanguage":"en-US","@id":"https:\/\/www.adlerplus.sk\/#\/schema\/logo\/image\/","url":"https:\/\/www.adlerplus.sk\/wp-content\/uploads\/2019\/08\/logo-adler-retina-screen.png","contentUrl":"https:\/\/www.adlerplus.sk\/wp-content\/uploads\/2019\/08\/logo-adler-retina-screen.png","width":700,"height":153,"caption":"ADLER Plus s.r.o."},"image":{"@id":"https:\/\/www.adlerplus.sk\/#\/schema\/logo\/image\/"}}]}},"_links":{"self":[{"href":"https:\/\/www.adlerplus.sk\/en\/wp-json\/wp\/v2\/pages\/859","targetHints":{"allow":["GET"]}}],"collection":[{"href":"https:\/\/www.adlerplus.sk\/en\/wp-json\/wp\/v2\/pages"}],"about":[{"href":"https:\/\/www.adlerplus.sk\/en\/wp-json\/wp\/v2\/types\/page"}],"author":[{"embeddable":true,"href":"https:\/\/www.adlerplus.sk\/en\/wp-json\/wp\/v2\/users\/1"}],"replies":[{"embeddable":true,"href":"https:\/\/www.adlerplus.sk\/en\/wp-json\/wp\/v2\/comments?post=859"}],"version-history":[{"count":0,"href":"https:\/\/www.adlerplus.sk\/en\/wp-json\/wp\/v2\/pages\/859\/revisions"}],"wp:featuredmedia":[{"embeddable":true,"href":"https:\/\/www.adlerplus.sk\/en\/wp-json\/wp\/v2\/media\/5753"}],"wp:attachment":[{"href":"https:\/\/www.adlerplus.sk\/en\/wp-json\/wp\/v2\/media?parent=859"}],"curies":[{"name":"wp","href":"https:\/\/api.w.org\/{rel}","templated":true}]}}