{"id":6563,"date":"2025-01-11T10:05:47","date_gmt":"2025-01-11T09:05:47","guid":{"rendered":"https:\/\/www.adlerplus.sk\/?page_id=6563"},"modified":"2026-01-07T17:53:16","modified_gmt":"2026-01-07T16:53:16","slug":"hlinikove-okna-dvere-a-hs-portaly","status":"publish","type":"page","link":"https:\/\/www.adlerplus.sk\/en\/hlinikove-okna-dvere-a-hs-portaly\/","title":{"rendered":"Hlin\u00edkov\u00e9 okn\u00e1,dvere a HS port\u00e1ly"},"content":{"rendered":"<div data-elementor-type=\"wp-page\" data-elementor-id=\"6563\" class=\"elementor elementor-6563\" data-elementor-post-type=\"page\">\n\t\t\t\t<div class=\"elementor-element elementor-element-4cb32e47 e-flex e-con-boxed e-con e-parent\" data-id=\"4cb32e47\" data-element_type=\"container\" data-settings=\"{&quot;background_background&quot;:&quot;classic&quot;}\">\n\t\t\t\t\t<div class=\"e-con-inner\">\n\t\t\t\t<div class=\"elementor-element elementor-element-75e3887 elementor-widget elementor-widget-heading\" data-id=\"75e3887\" data-element_type=\"widget\" data-widget_type=\"heading.default\">\n\t\t\t\t<div class=\"elementor-widget-container\">\n\t\t\t\t\t<h6 class=\"elementor-heading-title elementor-size-default\">Produkty priamo z na\u0161ej v\u00fdroby<\/h6>\t\t\t\t<\/div>\n\t\t\t\t<\/div>\n\t\t\t\t<div class=\"elementor-element elementor-element-40ef754c elementor-widget elementor-widget-heading\" data-id=\"40ef754c\" data-element_type=\"widget\" data-widget_type=\"heading.default\">\n\t\t\t\t<div class=\"elementor-widget-container\">\n\t\t\t\t\t<h1 class=\"elementor-heading-title elementor-size-default\">Hlin\u00edkov\u00e9 okn\u00e1, dvere  <span class=\"underline-green-2\">a HS port\u00e1ly<\/span><\/h1>\t\t\t\t<\/div>\n\t\t\t\t<\/div>\n\t\t\t\t<div class=\"elementor-element elementor-element-5a00cbd4 elementor-widget-divider--view-line elementor-widget elementor-widget-divider\" data-id=\"5a00cbd4\" data-element_type=\"widget\" data-widget_type=\"divider.default\">\n\t\t\t\t<div class=\"elementor-widget-container\">\n\t\t\t\t\t\t\t<div class=\"elementor-divider\">\n\t\t\t<span class=\"elementor-divider-separator\">\n\t\t\t\t\t\t<\/span>\n\t\t<\/div>\n\t\t\t\t\t\t<\/div>\n\t\t\t\t<\/div>\n\t\t\t\t\t<\/div>\n\t\t\t\t<\/div>\n\t\t<div class=\"elementor-element elementor-element-e1ec920 e-flex e-con-boxed e-con e-parent\" data-id=\"e1ec920\" data-element_type=\"container\">\n\t\t\t\t\t<div class=\"e-con-inner\">\n\t\t<div class=\"elementor-element elementor-element-2fd1c10b e-con-full e-flex e-con e-child\" data-id=\"2fd1c10b\" data-element_type=\"container\">\n\t\t<div class=\"elementor-element elementor-element-6008a517 e-con-full e-flex e-con e-child\" data-id=\"6008a517\" data-element_type=\"container\">\n\t\t\t\t<div class=\"elementor-element elementor-element-1552352b elementor-widget elementor-widget-image\" data-id=\"1552352b\" data-element_type=\"widget\" data-widget_type=\"image.default\">\n\t\t\t\t<div class=\"elementor-widget-container\">\n\t\t\t\t\t\t\t\t\t\t\t\t\t\t\t\t<a href=\"https:\/\/www.adlerplus.sk\/en\/okna\/hlinikove-okna-aluprof\/\">\n\t\t\t\t\t\t\t<img fetchpriority=\"high\" decoding=\"async\" width=\"468\" height=\"614\" src=\"https:\/\/www.adlerplus.sk\/wp-content\/uploads\/2024\/01\/mb-79n-177-cs.png\" class=\"attachment-large size-large wp-image-3744\" alt=\"hlinikove okna aluprof adler plus\" srcset=\"https:\/\/www.adlerplus.sk\/wp-content\/uploads\/2024\/01\/mb-79n-177-cs.png 468w, https:\/\/www.adlerplus.sk\/wp-content\/uploads\/2024\/01\/mb-79n-177-cs-229x300.png 229w, https:\/\/www.adlerplus.sk\/wp-content\/uploads\/2024\/01\/mb-79n-177-cs-9x12.png 9w\" sizes=\"(max-width: 468px) 100vw, 468px\" \/>\t\t\t\t\t\t\t\t<\/a>\n\t\t\t\t\t\t\t\t\t\t\t\t\t\t\t<\/div>\n\t\t\t\t<\/div>\n\t\t\t\t<div class=\"elementor-element elementor-element-73c8ef20 elementor-widget elementor-widget-heading\" data-id=\"73c8ef20\" data-element_type=\"widget\" data-widget_type=\"heading.default\">\n\t\t\t\t<div class=\"elementor-widget-container\">\n\t\t\t\t\t<h2 class=\"elementor-heading-title elementor-size-default\"><a href=\"https:\/\/www.adlerplus.sk\/en\/okna\/hlinikove-okna-aluprof\/\">OKN\u00c1 ALUPROF <\/a><\/h2>\t\t\t\t<\/div>\n\t\t\t\t<\/div>\n\t\t\t\t<div class=\"elementor-element elementor-element-75f2b889 elementor-widget elementor-widget-text-editor\" data-id=\"75f2b889\" data-element_type=\"widget\" data-widget_type=\"text-editor.default\">\n\t\t\t\t<div class=\"elementor-widget-container\">\n\t\t\t\t\t\t\t\t\tV\u00fdrobca profilov: ALUPROF\t\t\t\t\t\t\t\t<\/div>\n\t\t\t\t<\/div>\n\t\t\t\t<div class=\"elementor-element elementor-element-5cb010b1 elementor-widget elementor-widget-button\" data-id=\"5cb010b1\" data-element_type=\"widget\" data-widget_type=\"button.default\">\n\t\t\t\t<div class=\"elementor-widget-container\">\n\t\t\t\t\t\t\t\t\t<div class=\"elementor-button-wrapper\">\n\t\t\t\t\t<a class=\"elementor-button elementor-button-link elementor-size-sm\" href=\"https:\/\/www.adlerplus.sk\/en\/okna\/hlinikove-okna-aluprof\/\">\n\t\t\t\t\t\t<span class=\"elementor-button-content-wrapper\">\n\t\t\t\t\t\t<span class=\"elementor-button-icon\">\n\t\t\t\t<svg xmlns=\"http:\/\/www.w3.org\/2000\/svg\" id=\"Layer_1\" data-name=\"Layer 1\" viewbox=\"0 0 11.99 11.99\"><path d=\"M8,7A1,1,0,0,1,9,6h8a1,1,0,0,1,1,1v8a1,1,0,0,1-2,0V9.41l-8.29,8.3a1,1,0,0,1-1.42-1.42L14.59,8H9A1,1,0,0,1,8,7Z\" transform=\"translate(-6.01 -6)\"><\/path><\/svg>\t\t\t<\/span>\n\t\t\t\t\t\t\t\t\t<span class=\"elementor-button-text\">Viac inform\u00e1ci\u00ed<\/span>\n\t\t\t\t\t<\/span>\n\t\t\t\t\t<\/a>\n\t\t\t\t<\/div>\n\t\t\t\t\t\t\t\t<\/div>\n\t\t\t\t<\/div>\n\t\t\t\t<\/div>\n\t\t<div class=\"elementor-element elementor-element-48c19cf8 e-con-full e-flex e-con e-child\" data-id=\"48c19cf8\" data-element_type=\"container\">\n\t\t\t\t<div class=\"elementor-element elementor-element-69f96eab elementor-widget elementor-widget-image\" data-id=\"69f96eab\" data-element_type=\"widget\" data-widget_type=\"image.default\">\n\t\t\t\t<div class=\"elementor-widget-container\">\n\t\t\t\t\t\t\t\t\t\t\t\t\t\t\t\t<a href=\"https:\/\/www.adlerplus.sk\/en\/vchodove-dvere\/hlinikove-dvere-aluprof\/\">\n\t\t\t\t\t\t\t<img decoding=\"async\" width=\"563\" height=\"1024\" src=\"https:\/\/www.adlerplus.sk\/wp-content\/uploads\/2025\/01\/Hlinikove-dvere-aluprof-nahlad-563x1024.png\" class=\"attachment-large size-large wp-image-6268\" alt=\"\" srcset=\"https:\/\/www.adlerplus.sk\/wp-content\/uploads\/2025\/01\/Hlinikove-dvere-aluprof-nahlad-563x1024.png 563w, https:\/\/www.adlerplus.sk\/wp-content\/uploads\/2025\/01\/Hlinikove-dvere-aluprof-nahlad-165x300.png 165w, https:\/\/www.adlerplus.sk\/wp-content\/uploads\/2025\/01\/Hlinikove-dvere-aluprof-nahlad-7x12.png 7w, https:\/\/www.adlerplus.sk\/wp-content\/uploads\/2025\/01\/Hlinikove-dvere-aluprof-nahlad.png 597w\" sizes=\"(max-width: 563px) 100vw, 563px\" \/>\t\t\t\t\t\t\t\t<\/a>\n\t\t\t\t\t\t\t\t\t\t\t\t\t\t\t<\/div>\n\t\t\t\t<\/div>\n\t\t\t\t<div class=\"elementor-element elementor-element-45781dde elementor-widget elementor-widget-heading\" data-id=\"45781dde\" data-element_type=\"widget\" data-widget_type=\"heading.default\">\n\t\t\t\t<div class=\"elementor-widget-container\">\n\t\t\t\t\t<h2 class=\"elementor-heading-title elementor-size-default\"><a href=\"https:\/\/www.adlerplus.sk\/en\/vchodove-dvere\/hlinikove-dvere-aluprof\/\">DVERE ALUPROF <\/a><\/h2>\t\t\t\t<\/div>\n\t\t\t\t<\/div>\n\t\t\t\t<div class=\"elementor-element elementor-element-c92bcd5 elementor-widget elementor-widget-text-editor\" data-id=\"c92bcd5\" data-element_type=\"widget\" data-widget_type=\"text-editor.default\">\n\t\t\t\t<div class=\"elementor-widget-container\">\n\t\t\t\t\t\t\t\t\tV\u00fdrobca profilov: ALUPROF\t\t\t\t\t\t\t\t<\/div>\n\t\t\t\t<\/div>\n\t\t\t\t<div class=\"elementor-element elementor-element-147237a1 elementor-widget elementor-widget-button\" data-id=\"147237a1\" data-element_type=\"widget\" data-widget_type=\"button.default\">\n\t\t\t\t<div class=\"elementor-widget-container\">\n\t\t\t\t\t\t\t\t\t<div class=\"elementor-button-wrapper\">\n\t\t\t\t\t<a class=\"elementor-button elementor-button-link elementor-size-sm\" href=\"https:\/\/www.adlerplus.sk\/en\/vchodove-dvere\/hlinikove-dvere-aluprof\/\">\n\t\t\t\t\t\t<span class=\"elementor-button-content-wrapper\">\n\t\t\t\t\t\t<span class=\"elementor-button-icon\">\n\t\t\t\t<svg xmlns=\"http:\/\/www.w3.org\/2000\/svg\" id=\"Layer_1\" data-name=\"Layer 1\" viewbox=\"0 0 11.99 11.99\"><path d=\"M8,7A1,1,0,0,1,9,6h8a1,1,0,0,1,1,1v8a1,1,0,0,1-2,0V9.41l-8.29,8.3a1,1,0,0,1-1.42-1.42L14.59,8H9A1,1,0,0,1,8,7Z\" transform=\"translate(-6.01 -6)\"><\/path><\/svg>\t\t\t<\/span>\n\t\t\t\t\t\t\t\t\t<span class=\"elementor-button-text\">Viac inform\u00e1ci\u00ed<\/span>\n\t\t\t\t\t<\/span>\n\t\t\t\t\t<\/a>\n\t\t\t\t<\/div>\n\t\t\t\t\t\t\t\t<\/div>\n\t\t\t\t<\/div>\n\t\t\t\t<\/div>\n\t\t<div class=\"elementor-element elementor-element-41523704 e-con-full e-flex e-con e-child\" data-id=\"41523704\" data-element_type=\"container\">\n\t\t\t\t<div class=\"elementor-element elementor-element-7ca37d1 elementor-widget elementor-widget-image\" data-id=\"7ca37d1\" data-element_type=\"widget\" data-widget_type=\"image.default\">\n\t\t\t\t<div class=\"elementor-widget-container\">\n\t\t\t\t\t\t\t\t\t\t\t\t\t\t\t\t<a href=\"https:\/\/www.adlerplus.sk\/en\/hs-portal\/hlinikove-posuvy-aluprof\/\">\n\t\t\t\t\t\t\t<img decoding=\"async\" width=\"300\" height=\"300\" src=\"https:\/\/www.adlerplus.sk\/wp-content\/uploads\/2025\/01\/Hlinikovy-hs-portal.png\" class=\"attachment-large size-large wp-image-6190\" alt=\"Hlin\u00edkov\u00fd posuv HS portal ALUPROF\" srcset=\"https:\/\/www.adlerplus.sk\/wp-content\/uploads\/2025\/01\/Hlinikovy-hs-portal.png 300w, https:\/\/www.adlerplus.sk\/wp-content\/uploads\/2025\/01\/Hlinikovy-hs-portal-150x150.png 150w, https:\/\/www.adlerplus.sk\/wp-content\/uploads\/2025\/01\/Hlinikovy-hs-portal-12x12.png 12w\" sizes=\"(max-width: 300px) 100vw, 300px\" \/>\t\t\t\t\t\t\t\t<\/a>\n\t\t\t\t\t\t\t\t\t\t\t\t\t\t\t<\/div>\n\t\t\t\t<\/div>\n\t\t\t\t<div class=\"elementor-element elementor-element-5056429c elementor-widget elementor-widget-heading\" data-id=\"5056429c\" data-element_type=\"widget\" data-widget_type=\"heading.default\">\n\t\t\t\t<div class=\"elementor-widget-container\">\n\t\t\t\t\t<h2 class=\"elementor-heading-title elementor-size-default\"><a href=\"https:\/\/www.adlerplus.sk\/en\/hs-portal\/hlinikove-posuvy-aluprof\/\">HS PORT\u00c1L ALUPROF<\/a><\/h2>\t\t\t\t<\/div>\n\t\t\t\t<\/div>\n\t\t\t\t<div class=\"elementor-element elementor-element-231336f1 elementor-widget elementor-widget-text-editor\" data-id=\"231336f1\" data-element_type=\"widget\" data-widget_type=\"text-editor.default\">\n\t\t\t\t<div class=\"elementor-widget-container\">\n\t\t\t\t\t\t\t\t\tV\u00fdrobca profilov: ALUPROF\t\t\t\t\t\t\t\t<\/div>\n\t\t\t\t<\/div>\n\t\t\t\t<div class=\"elementor-element elementor-element-7a600a3c elementor-widget elementor-widget-button\" data-id=\"7a600a3c\" data-element_type=\"widget\" data-widget_type=\"button.default\">\n\t\t\t\t<div class=\"elementor-widget-container\">\n\t\t\t\t\t\t\t\t\t<div class=\"elementor-button-wrapper\">\n\t\t\t\t\t<a class=\"elementor-button elementor-button-link elementor-size-sm\" href=\"https:\/\/www.adlerplus.sk\/en\/hs-portal\/hlinikove-posuvy-aluprof\/\">\n\t\t\t\t\t\t<span class=\"elementor-button-content-wrapper\">\n\t\t\t\t\t\t<span class=\"elementor-button-icon\">\n\t\t\t\t<svg xmlns=\"http:\/\/www.w3.org\/2000\/svg\" id=\"Layer_1\" data-name=\"Layer 1\" viewbox=\"0 0 11.99 11.99\"><path d=\"M8,7A1,1,0,0,1,9,6h8a1,1,0,0,1,1,1v8a1,1,0,0,1-2,0V9.41l-8.29,8.3a1,1,0,0,1-1.42-1.42L14.59,8H9A1,1,0,0,1,8,7Z\" transform=\"translate(-6.01 -6)\"><\/path><\/svg>\t\t\t<\/span>\n\t\t\t\t\t\t\t\t\t<span class=\"elementor-button-text\">Viac inform\u00e1ci\u00ed<\/span>\n\t\t\t\t\t<\/span>\n\t\t\t\t\t<\/a>\n\t\t\t\t<\/div>\n\t\t\t\t\t\t\t\t<\/div>\n\t\t\t\t<\/div>\n\t\t\t\t<\/div>\n\t\t\t\t<\/div>\n\t\t\t\t\t<\/div>\n\t\t\t\t<\/div>\n\t\t<div class=\"elementor-element elementor-element-1fdcd5af e-flex e-con-boxed e-con e-parent\" data-id=\"1fdcd5af\" data-element_type=\"container\" data-settings=\"{&quot;background_background&quot;:&quot;classic&quot;}\">\n\t\t\t\t\t<div class=\"e-con-inner\">\n\t\t<div class=\"elementor-element elementor-element-26109be5 e-con-full e-flex e-con e-child\" data-id=\"26109be5\" data-element_type=\"container\" data-settings=\"{&quot;background_background&quot;:&quot;classic&quot;}\">\n\t\t<div class=\"elementor-element elementor-element-26e5ea21 e-con-full e-flex e-con e-child\" data-id=\"26e5ea21\" data-element_type=\"container\" data-settings=\"{&quot;background_background&quot;:&quot;classic&quot;}\">\n\t\t\t\t<div class=\"elementor-element elementor-element-22afe438 elementor-widget elementor-widget-heading\" data-id=\"22afe438\" data-element_type=\"widget\" data-widget_type=\"heading.default\">\n\t\t\t\t<div class=\"elementor-widget-container\">\n\t\t\t\t\t<h2 class=\"elementor-heading-title elementor-size-default\">Vyr\u00e1bame u\u017e viac ako 20 rokov<\/h2>\t\t\t\t<\/div>\n\t\t\t\t<\/div>\n\t\t\t\t<div class=\"elementor-element elementor-element-37892c59 elementor-widget elementor-widget-text-editor\" data-id=\"37892c59\" data-element_type=\"widget\" data-widget_type=\"text-editor.default\">\n\t\t\t\t<div class=\"elementor-widget-container\">\n\t\t\t\t\t\t\t\t\t<p>V\u0161etky tieto v\u00fdrobky vyr\u00e1bame vo vlastnom v\u00fdrobnom are\u00e1li v Jaslovsk\u00fdch Bohuniciach. Ka\u017ed\u00fd kus je starostlivo spracovan\u00fd s d\u00f4razom na kvalitu a prec\u00edznos\u0165. Na\u0161e v\u00fdrobky s\u00fa vybaven\u00e9 kovanim SIEGENIA Titan AF, ktor\u00e9 zabezpe\u010duje ich spo\u013eahlivos\u0165 a dlh\u00fa \u017eivotnos\u0165. Venujeme tie\u017e osobitn\u00fa pozornos\u0165 bezpe\u010dnosti a energetick\u00fdm \u00faspor\u00e1m, preto s\u00fa v\u0161etky na\u0161e okn\u00e1 a dvere zasklen\u00e9 izola\u010dn\u00fdmi sklami, ktor\u00e9 s\u00fa vyr\u00e1ban\u00e9 priamo na Slovensku. V\u010faka tomu m\u00f4\u017eeme garantova\u0165 nielen kvalitu, ale aj r\u00fdchlu dostupnos\u0165 a flexibilitu pri prisp\u00f4soben\u00ed sa potreb\u00e1m na\u0161ich z\u00e1kazn\u00edkov.<\/p>\t\t\t\t\t\t\t\t<\/div>\n\t\t\t\t<\/div>\n\t\t\t\t<div class=\"elementor-element elementor-element-1b9206e1 elementor-widget elementor-widget-button\" data-id=\"1b9206e1\" data-element_type=\"widget\" data-widget_type=\"button.default\">\n\t\t\t\t<div class=\"elementor-widget-container\">\n\t\t\t\t\t\t\t\t\t<div class=\"elementor-button-wrapper\">\n\t\t\t\t\t<a class=\"elementor-button elementor-button-link elementor-size-sm\" href=\"\/en\/o-nas\/\">\n\t\t\t\t\t\t<span class=\"elementor-button-content-wrapper\">\n\t\t\t\t\t\t<span class=\"elementor-button-icon\">\n\t\t\t\t<svg xmlns=\"http:\/\/www.w3.org\/2000\/svg\" id=\"Layer_1\" data-name=\"Layer 1\" viewbox=\"0 0 11.99 11.99\"><path d=\"M8,7A1,1,0,0,1,9,6h8a1,1,0,0,1,1,1v8a1,1,0,0,1-2,0V9.41l-8.29,8.3a1,1,0,0,1-1.42-1.42L14.59,8H9A1,1,0,0,1,8,7Z\" transform=\"translate(-6.01 -6)\"><\/path><\/svg>\t\t\t<\/span>\n\t\t\t\t\t\t\t\t\t<span class=\"elementor-button-text\">viac inform\u00e1ci\u00ed<\/span>\n\t\t\t\t\t<\/span>\n\t\t\t\t\t<\/a>\n\t\t\t\t<\/div>\n\t\t\t\t\t\t\t\t<\/div>\n\t\t\t\t<\/div>\n\t\t\t\t<\/div>\n\t\t\t\t<\/div>\n\t\t\t\t\t<\/div>\n\t\t\t\t<\/div>\n\t\t\t\t<\/div>","protected":false},"excerpt":{"rendered":"<p>Produkty priamo z na\u0161ej v\u00fdroby Hlin\u00edkov\u00e9 okn\u00e1, dvere a HS port\u00e1ly OKN\u00c1 ALUPROF V\u00fdrobca profilov: ALUPROF Viac inform\u00e1ci\u00ed DVERE ALUPROF V\u00fdrobca profilov: ALUPROF Viac inform\u00e1ci\u00ed HS PORT\u00c1L ALUPROF V\u00fdrobca profilov: ALUPROF Viac inform\u00e1ci\u00ed Vyr\u00e1bame u\u017e viac ako 20 rokov V\u0161etky tieto v\u00fdrobky vyr\u00e1bame vo vlastnom v\u00fdrobnom are\u00e1li v Jaslovsk\u00fdch Bohuniciach. Ka\u017ed\u00fd kus je starostlivo spracovan\u00fd [&hellip;]<\/p>","protected":false},"author":1,"featured_media":6132,"parent":0,"menu_order":0,"comment_status":"closed","ping_status":"closed","template":"","meta":{"footnotes":""},"class_list":["post-6563","page","type-page","status-publish","has-post-thumbnail","hentry"],"yoast_head":"<!-- This site is optimized with the Yoast SEO plugin v25.5 - https:\/\/yoast.com\/wordpress\/plugins\/seo\/ -->\n<title>Hlin\u00edkov\u00e9 okn\u00e1, dvere a HS port\u00e1ly - ADLER Plus s.r.o.<\/title>\n<meta name=\"description\" content=\"Hlin\u00edkov\u00e9 okn\u00e1 na mieru, dvere a HS port\u00e1ly. Modern\u00e9 a odoln\u00e9 rie\u0161enie pre v\u00e1\u0161 domov \u010di kancel\u00e1riu. Dlh\u00e1 \u017eivotnos\u0165 a v\u00fdborn\u00e1 izol\u00e1cia.\" \/>\n<meta name=\"robots\" content=\"index, follow, max-snippet:-1, max-image-preview:large, max-video-preview:-1\" \/>\n<link rel=\"canonical\" href=\"https:\/\/www.adlerplus.sk\/en\/hlinikove-okna-dvere-a-hs-portaly\/\" \/>\n<meta property=\"og:locale\" content=\"en_US\" \/>\n<meta property=\"og:type\" content=\"article\" \/>\n<meta property=\"og:title\" content=\"Hlin\u00edkov\u00e9 okn\u00e1, dvere a HS port\u00e1ly - ADLER Plus s.r.o.\" \/>\n<meta property=\"og:description\" content=\"Hlin\u00edkov\u00e9 okn\u00e1 na mieru, dvere a HS port\u00e1ly. Modern\u00e9 a odoln\u00e9 rie\u0161enie pre v\u00e1\u0161 domov \u010di kancel\u00e1riu. Dlh\u00e1 \u017eivotnos\u0165 a v\u00fdborn\u00e1 izol\u00e1cia.\" \/>\n<meta property=\"og:url\" content=\"https:\/\/www.adlerplus.sk\/en\/hlinikove-okna-dvere-a-hs-portaly\/\" \/>\n<meta property=\"og:site_name\" content=\"ADLER Plus s.r.o.\" \/>\n<meta property=\"article:modified_time\" content=\"2026-01-07T16:53:16+00:00\" \/>\n<meta property=\"og:image\" content=\"https:\/\/www.adlerplus.sk\/wp-content\/uploads\/2025\/01\/Hlinikove-okna-ALUPROF-do-domu.jpg\" \/>\n\t<meta property=\"og:image:width\" content=\"1200\" \/>\n\t<meta property=\"og:image:height\" content=\"1200\" \/>\n\t<meta property=\"og:image:type\" content=\"image\/jpeg\" \/>\n<meta name=\"twitter:card\" content=\"summary_large_image\" \/>\n<meta name=\"twitter:label1\" content=\"Est. reading time\" \/>\n\t<meta name=\"twitter:data1\" content=\"2 minutes\" \/>\n<script type=\"application\/ld+json\" class=\"yoast-schema-graph\">{\"@context\":\"https:\/\/schema.org\",\"@graph\":[{\"@type\":\"WebPage\",\"@id\":\"https:\/\/www.adlerplus.sk\/hlinikove-okna-dvere-a-hs-portaly\/\",\"url\":\"https:\/\/www.adlerplus.sk\/hlinikove-okna-dvere-a-hs-portaly\/\",\"name\":\"Hlin\u00edkov\u00e9 okn\u00e1, dvere a HS port\u00e1ly - ADLER Plus s.r.o.\",\"isPartOf\":{\"@id\":\"https:\/\/www.adlerplus.sk\/#website\"},\"primaryImageOfPage\":{\"@id\":\"https:\/\/www.adlerplus.sk\/hlinikove-okna-dvere-a-hs-portaly\/#primaryimage\"},\"image\":{\"@id\":\"https:\/\/www.adlerplus.sk\/hlinikove-okna-dvere-a-hs-portaly\/#primaryimage\"},\"thumbnailUrl\":\"https:\/\/www.adlerplus.sk\/wp-content\/uploads\/2025\/01\/ALUPROF-hlinikove-okna.png\",\"datePublished\":\"2025-01-11T09:05:47+00:00\",\"dateModified\":\"2026-01-07T16:53:16+00:00\",\"description\":\"Hlin\u00edkov\u00e9 okn\u00e1 na mieru, dvere a HS port\u00e1ly. Modern\u00e9 a odoln\u00e9 rie\u0161enie pre v\u00e1\u0161 domov \u010di kancel\u00e1riu. Dlh\u00e1 \u017eivotnos\u0165 a v\u00fdborn\u00e1 izol\u00e1cia.\",\"breadcrumb\":{\"@id\":\"https:\/\/www.adlerplus.sk\/hlinikove-okna-dvere-a-hs-portaly\/#breadcrumb\"},\"inLanguage\":\"en-US\",\"potentialAction\":[{\"@type\":\"ReadAction\",\"target\":[\"https:\/\/www.adlerplus.sk\/hlinikove-okna-dvere-a-hs-portaly\/\"]}]},{\"@type\":\"ImageObject\",\"inLanguage\":\"en-US\",\"@id\":\"https:\/\/www.adlerplus.sk\/hlinikove-okna-dvere-a-hs-portaly\/#primaryimage\",\"url\":\"https:\/\/www.adlerplus.sk\/wp-content\/uploads\/2025\/01\/ALUPROF-hlinikove-okna.png\",\"contentUrl\":\"https:\/\/www.adlerplus.sk\/wp-content\/uploads\/2025\/01\/ALUPROF-hlinikove-okna.png\",\"width\":218,\"height\":338,\"caption\":\"Hlin\u00edkov\u00e9 okn\u00e1 aluprof\"},{\"@type\":\"BreadcrumbList\",\"@id\":\"https:\/\/www.adlerplus.sk\/hlinikove-okna-dvere-a-hs-portaly\/#breadcrumb\",\"itemListElement\":[{\"@type\":\"ListItem\",\"position\":1,\"name\":\"Home\",\"item\":\"https:\/\/www.adlerplus.sk\/\"},{\"@type\":\"ListItem\",\"position\":2,\"name\":\"Hlin\u00edkov\u00e9 okn\u00e1,dvere a HS port\u00e1ly\"}]},{\"@type\":\"WebSite\",\"@id\":\"https:\/\/www.adlerplus.sk\/#website\",\"url\":\"https:\/\/www.adlerplus.sk\/\",\"name\":\"ADLER Plus s.r.o.\",\"description\":\"V\u00fdroba plastov\u00fdch okien a dver\u00ed\",\"publisher\":{\"@id\":\"https:\/\/www.adlerplus.sk\/#organization\"},\"potentialAction\":[{\"@type\":\"SearchAction\",\"target\":{\"@type\":\"EntryPoint\",\"urlTemplate\":\"https:\/\/www.adlerplus.sk\/?s={search_term_string}\"},\"query-input\":{\"@type\":\"PropertyValueSpecification\",\"valueRequired\":true,\"valueName\":\"search_term_string\"}}],\"inLanguage\":\"en-US\"},{\"@type\":\"Organization\",\"@id\":\"https:\/\/www.adlerplus.sk\/#organization\",\"name\":\"ADLER Plus s.r.o.\",\"url\":\"https:\/\/www.adlerplus.sk\/\",\"logo\":{\"@type\":\"ImageObject\",\"inLanguage\":\"en-US\",\"@id\":\"https:\/\/www.adlerplus.sk\/#\/schema\/logo\/image\/\",\"url\":\"https:\/\/www.adlerplus.sk\/wp-content\/uploads\/2019\/08\/logo-adler-retina-screen.png\",\"contentUrl\":\"https:\/\/www.adlerplus.sk\/wp-content\/uploads\/2019\/08\/logo-adler-retina-screen.png\",\"width\":700,\"height\":153,\"caption\":\"ADLER Plus s.r.o.\"},\"image\":{\"@id\":\"https:\/\/www.adlerplus.sk\/#\/schema\/logo\/image\/\"}}]}<\/script>\n<!-- \/ Yoast SEO plugin. -->","yoast_head_json":{"title":"Hlin\u00edkov\u00e9 okn\u00e1, dvere a HS port\u00e1ly - ADLER Plus s.r.o.","description":"Hlin\u00edkov\u00e9 okn\u00e1 na mieru, dvere a HS port\u00e1ly. Modern\u00e9 a odoln\u00e9 rie\u0161enie pre v\u00e1\u0161 domov \u010di kancel\u00e1riu. Dlh\u00e1 \u017eivotnos\u0165 a v\u00fdborn\u00e1 izol\u00e1cia.","robots":{"index":"index","follow":"follow","max-snippet":"max-snippet:-1","max-image-preview":"max-image-preview:large","max-video-preview":"max-video-preview:-1"},"canonical":"https:\/\/www.adlerplus.sk\/en\/hlinikove-okna-dvere-a-hs-portaly\/","og_locale":"en_US","og_type":"article","og_title":"Hlin\u00edkov\u00e9 okn\u00e1, dvere a HS port\u00e1ly - ADLER Plus s.r.o.","og_description":"Hlin\u00edkov\u00e9 okn\u00e1 na mieru, dvere a HS port\u00e1ly. Modern\u00e9 a odoln\u00e9 rie\u0161enie pre v\u00e1\u0161 domov \u010di kancel\u00e1riu. Dlh\u00e1 \u017eivotnos\u0165 a v\u00fdborn\u00e1 izol\u00e1cia.","og_url":"https:\/\/www.adlerplus.sk\/en\/hlinikove-okna-dvere-a-hs-portaly\/","og_site_name":"ADLER Plus s.r.o.","article_modified_time":"2026-01-07T16:53:16+00:00","og_image":[{"width":1200,"height":1200,"url":"https:\/\/www.adlerplus.sk\/wp-content\/uploads\/2025\/01\/Hlinikove-okna-ALUPROF-do-domu.jpg","type":"image\/jpeg"}],"twitter_card":"summary_large_image","twitter_misc":{"Est. reading time":"2 minutes"},"schema":{"@context":"https:\/\/schema.org","@graph":[{"@type":"WebPage","@id":"https:\/\/www.adlerplus.sk\/hlinikove-okna-dvere-a-hs-portaly\/","url":"https:\/\/www.adlerplus.sk\/hlinikove-okna-dvere-a-hs-portaly\/","name":"Hlin\u00edkov\u00e9 okn\u00e1, dvere a HS port\u00e1ly - ADLER Plus s.r.o.","isPartOf":{"@id":"https:\/\/www.adlerplus.sk\/#website"},"primaryImageOfPage":{"@id":"https:\/\/www.adlerplus.sk\/hlinikove-okna-dvere-a-hs-portaly\/#primaryimage"},"image":{"@id":"https:\/\/www.adlerplus.sk\/hlinikove-okna-dvere-a-hs-portaly\/#primaryimage"},"thumbnailUrl":"https:\/\/www.adlerplus.sk\/wp-content\/uploads\/2025\/01\/ALUPROF-hlinikove-okna.png","datePublished":"2025-01-11T09:05:47+00:00","dateModified":"2026-01-07T16:53:16+00:00","description":"Hlin\u00edkov\u00e9 okn\u00e1 na mieru, dvere a HS port\u00e1ly. Modern\u00e9 a odoln\u00e9 rie\u0161enie pre v\u00e1\u0161 domov \u010di kancel\u00e1riu. Dlh\u00e1 \u017eivotnos\u0165 a v\u00fdborn\u00e1 izol\u00e1cia.","breadcrumb":{"@id":"https:\/\/www.adlerplus.sk\/hlinikove-okna-dvere-a-hs-portaly\/#breadcrumb"},"inLanguage":"en-US","potentialAction":[{"@type":"ReadAction","target":["https:\/\/www.adlerplus.sk\/hlinikove-okna-dvere-a-hs-portaly\/"]}]},{"@type":"ImageObject","inLanguage":"en-US","@id":"https:\/\/www.adlerplus.sk\/hlinikove-okna-dvere-a-hs-portaly\/#primaryimage","url":"https:\/\/www.adlerplus.sk\/wp-content\/uploads\/2025\/01\/ALUPROF-hlinikove-okna.png","contentUrl":"https:\/\/www.adlerplus.sk\/wp-content\/uploads\/2025\/01\/ALUPROF-hlinikove-okna.png","width":218,"height":338,"caption":"Hlin\u00edkov\u00e9 okn\u00e1 aluprof"},{"@type":"BreadcrumbList","@id":"https:\/\/www.adlerplus.sk\/hlinikove-okna-dvere-a-hs-portaly\/#breadcrumb","itemListElement":[{"@type":"ListItem","position":1,"name":"Home","item":"https:\/\/www.adlerplus.sk\/"},{"@type":"ListItem","position":2,"name":"Hlin\u00edkov\u00e9 okn\u00e1,dvere a HS port\u00e1ly"}]},{"@type":"WebSite","@id":"https:\/\/www.adlerplus.sk\/#website","url":"https:\/\/www.adlerplus.sk\/","name":"ADLER Plus s.r.o.","description":"V\u00fdroba plastov\u00fdch okien a dver\u00ed","publisher":{"@id":"https:\/\/www.adlerplus.sk\/#organization"},"potentialAction":[{"@type":"SearchAction","target":{"@type":"EntryPoint","urlTemplate":"https:\/\/www.adlerplus.sk\/?s={search_term_string}"},"query-input":{"@type":"PropertyValueSpecification","valueRequired":true,"valueName":"search_term_string"}}],"inLanguage":"en-US"},{"@type":"Organization","@id":"https:\/\/www.adlerplus.sk\/#organization","name":"ADLER Plus s.r.o.","url":"https:\/\/www.adlerplus.sk\/","logo":{"@type":"ImageObject","inLanguage":"en-US","@id":"https:\/\/www.adlerplus.sk\/#\/schema\/logo\/image\/","url":"https:\/\/www.adlerplus.sk\/wp-content\/uploads\/2019\/08\/logo-adler-retina-screen.png","contentUrl":"https:\/\/www.adlerplus.sk\/wp-content\/uploads\/2019\/08\/logo-adler-retina-screen.png","width":700,"height":153,"caption":"ADLER Plus s.r.o."},"image":{"@id":"https:\/\/www.adlerplus.sk\/#\/schema\/logo\/image\/"}}]}},"_links":{"self":[{"href":"https:\/\/www.adlerplus.sk\/en\/wp-json\/wp\/v2\/pages\/6563","targetHints":{"allow":["GET"]}}],"collection":[{"href":"https:\/\/www.adlerplus.sk\/en\/wp-json\/wp\/v2\/pages"}],"about":[{"href":"https:\/\/www.adlerplus.sk\/en\/wp-json\/wp\/v2\/types\/page"}],"author":[{"embeddable":true,"href":"https:\/\/www.adlerplus.sk\/en\/wp-json\/wp\/v2\/users\/1"}],"replies":[{"embeddable":true,"href":"https:\/\/www.adlerplus.sk\/en\/wp-json\/wp\/v2\/comments?post=6563"}],"version-history":[{"count":0,"href":"https:\/\/www.adlerplus.sk\/en\/wp-json\/wp\/v2\/pages\/6563\/revisions"}],"wp:featuredmedia":[{"embeddable":true,"href":"https:\/\/www.adlerplus.sk\/en\/wp-json\/wp\/v2\/media\/6132"}],"wp:attachment":[{"href":"https:\/\/www.adlerplus.sk\/en\/wp-json\/wp\/v2\/media?parent=6563"}],"curies":[{"name":"wp","href":"https:\/\/api.w.org\/{rel}","templated":true}]}}