{"id":6424,"date":"2025-01-11T09:33:41","date_gmt":"2025-01-11T08:33:41","guid":{"rendered":"https:\/\/www.adlerplus.sk\/?page_id=6424"},"modified":"2025-01-13T19:33:15","modified_gmt":"2025-01-13T18:33:15","slug":"zaruka-a-servis","status":"publish","type":"page","link":"https:\/\/www.adlerplus.sk\/en\/zaruka-a-servis\/","title":{"rendered":"Z\u00e1ruka a servis"},"content":{"rendered":"<div data-elementor-type=\"wp-page\" data-elementor-id=\"6424\" class=\"elementor elementor-6424\" data-elementor-post-type=\"page\">\n\t\t\t\t<div class=\"elementor-element elementor-element-40734e69 e-flex e-con-boxed e-con e-parent\" data-id=\"40734e69\" data-element_type=\"container\" data-settings=\"{&quot;background_background&quot;:&quot;classic&quot;}\">\n\t\t\t\t\t<div class=\"e-con-inner\">\n\t\t\t\t<div class=\"elementor-element elementor-element-4700f440 elementor-widget elementor-widget-heading\" data-id=\"4700f440\" data-element_type=\"widget\" data-widget_type=\"heading.default\">\n\t\t\t\t<div class=\"elementor-widget-container\">\n\t\t\t\t\t<h6 class=\"elementor-heading-title elementor-size-default\">detailnej\u0161ie inform\u00e1cie oh\u013eadom z\u00e1ruky<\/h6>\t\t\t\t<\/div>\n\t\t\t\t<\/div>\n\t\t\t\t<div class=\"elementor-element elementor-element-261e9f75 elementor-widget elementor-widget-heading\" data-id=\"261e9f75\" data-element_type=\"widget\" data-widget_type=\"heading.default\">\n\t\t\t\t<div class=\"elementor-widget-container\">\n\t\t\t\t\t<h1 class=\"elementor-heading-title elementor-size-default\">Z\u00e1ruka a <span class=\"underline-green-2\">servis<\/span><\/h1>\t\t\t\t<\/div>\n\t\t\t\t<\/div>\n\t\t\t\t<div class=\"elementor-element elementor-element-45a8d2c1 elementor-widget-divider--view-line elementor-widget elementor-widget-divider\" data-id=\"45a8d2c1\" data-element_type=\"widget\" data-widget_type=\"divider.default\">\n\t\t\t\t<div class=\"elementor-widget-container\">\n\t\t\t\t\t\t\t<div class=\"elementor-divider\">\n\t\t\t<span class=\"elementor-divider-separator\">\n\t\t\t\t\t\t<\/span>\n\t\t<\/div>\n\t\t\t\t\t\t<\/div>\n\t\t\t\t<\/div>\n\t\t\t\t\t<\/div>\n\t\t\t\t<\/div>\n\t\t<div class=\"elementor-element elementor-element-73db5aa8 e-flex e-con-boxed e-con e-parent\" data-id=\"73db5aa8\" data-element_type=\"container\">\n\t\t\t\t\t<div class=\"e-con-inner\">\n\t\t\t\t<div class=\"elementor-element elementor-element-528707bb elementor-widget elementor-widget-text-editor\" data-id=\"528707bb\" data-element_type=\"widget\" data-widget_type=\"text-editor.default\">\n\t\t\t\t<div class=\"elementor-widget-container\">\n\t\t\t\t\t\t\t\t\t<p>Sekciu pripravujeme, viac inform\u00e1ci\u00ed oh\u013eadom z\u00e1ru\u010dn\u00fdch a poz\u00e1ru\u010dn\u00fdch opr\u00e1v a servisu u\u017e \u010doskoro..<\/p>\t\t\t\t\t\t\t\t<\/div>\n\t\t\t\t<\/div>\n\t\t\t\t\t<\/div>\n\t\t\t\t<\/div>\n\t\t<div class=\"elementor-element elementor-element-77879d6f e-flex e-con-boxed e-con e-parent\" data-id=\"77879d6f\" data-element_type=\"container\" data-settings=\"{&quot;background_background&quot;:&quot;classic&quot;}\">\n\t\t\t\t\t<div class=\"e-con-inner\">\n\t\t<div class=\"elementor-element elementor-element-32408be8 e-con-full e-flex e-con e-child\" data-id=\"32408be8\" data-element_type=\"container\">\n\t\t<div class=\"elementor-element elementor-element-1eba56cc e-con-full e-flex e-con e-child\" data-id=\"1eba56cc\" data-element_type=\"container\" id=\"formular-zaluzie\" data-settings=\"{&quot;background_background&quot;:&quot;classic&quot;}\">\n\t\t\t\t<div class=\"elementor-element elementor-element-523dd493 elementor-widget elementor-widget-heading\" data-id=\"523dd493\" data-element_type=\"widget\" data-widget_type=\"heading.default\">\n\t\t\t\t<div class=\"elementor-widget-container\">\n\t\t\t\t\t<h2 class=\"elementor-heading-title elementor-size-default\">Cenov\u00e1 ponuka na mieru<\/h2>\t\t\t\t<\/div>\n\t\t\t\t<\/div>\n\t\t\t\t<div class=\"elementor-element elementor-element-27fcb7a1 elementor-widget elementor-widget-text-editor\" data-id=\"27fcb7a1\" data-element_type=\"widget\" data-widget_type=\"text-editor.default\">\n\t\t\t\t<div class=\"elementor-widget-container\">\n\t\t\t\t\t\t\t\t\t<p>Potrebujete individu\u00e1lnu cenov\u00fa ponuku? Vypl\u0148te n\u00e1\u0161 jednoduch\u00fd online formul\u00e1r, pr\u00edpadne n\u00e1s kontaktujte <span style=\"color: var( --e-global-color-text ); font-weight: var( --e-global-typography-text-font-weight ); text-align: var(--text-align);\">priamo<\/span><span style=\"color: var( --e-global-color-text ); font-weight: var( --e-global-typography-text-font-weight ); text-align: var(--text-align);\">\u00a0e-mailom alebo telefonicky.<\/span><\/p><p>Na\u0161a spolo\u010dnos\u0165 p\u00f4sob\u00ed po celom Slovensku, vr\u00e1tane miest ako Bratislava, Ko\u0161ice, Pre\u0161ov, \u017dilina, Bansk\u00e1 Bystrica, Nitra, Trnava, Tren\u010d\u00edn, Martin a Poprad. Nez\u00e1le\u017e\u00ed, kde sa nach\u00e1dzate \u2013 sme pripraven\u00ed poskytn\u00fa\u0165 V\u00e1m profesion\u00e1lne slu\u017eby a rie\u0161enia prisp\u00f4soben\u00e9 Va\u0161im potreb\u00e1m.<\/p>\t\t\t\t\t\t\t\t<\/div>\n\t\t\t\t<\/div>\n\t\t<div class=\"elementor-element elementor-element-3d52205f e-con-full e-flex e-con e-child\" data-id=\"3d52205f\" data-element_type=\"container\">\n\t\t\t\t<div class=\"elementor-element elementor-element-118e3feb elementor-widget__width-auto tlacidlo-green elementor-widget elementor-widget-button\" data-id=\"118e3feb\" data-element_type=\"widget\" data-widget_type=\"button.default\">\n\t\t\t\t<div class=\"elementor-widget-container\">\n\t\t\t\t\t\t\t\t\t<div class=\"elementor-button-wrapper\">\n\t\t\t\t\t<a class=\"elementor-button elementor-button-link elementor-size-sm\" href=\"https:\/\/www.adlerplus.sk\/en\/kontakt\/\">\n\t\t\t\t\t\t<span class=\"elementor-button-content-wrapper\">\n\t\t\t\t\t\t<span class=\"elementor-button-icon\">\n\t\t\t\t<svg xmlns=\"http:\/\/www.w3.org\/2000\/svg\" id=\"Layer_1\" data-name=\"Layer 1\" viewbox=\"0 0 11.99 11.99\"><path d=\"M8,7A1,1,0,0,1,9,6h8a1,1,0,0,1,1,1v8a1,1,0,0,1-2,0V9.41l-8.29,8.3a1,1,0,0,1-1.42-1.42L14.59,8H9A1,1,0,0,1,8,7Z\" transform=\"translate(-6.01 -6)\"><\/path><\/svg>\t\t\t<\/span>\n\t\t\t\t\t\t\t\t\t<span class=\"elementor-button-text\">Kontaktn\u00e9 \u00fadaje<\/span>\n\t\t\t\t\t<\/span>\n\t\t\t\t\t<\/a>\n\t\t\t\t<\/div>\n\t\t\t\t\t\t\t\t<\/div>\n\t\t\t\t<\/div>\n\t\t\t\t<\/div>\n\t\t\t\t<\/div>\n\t\t\t\t<\/div>\n\t\t\t\t\t<\/div>\n\t\t\t\t<\/div>\n\t\t<div class=\"elementor-element elementor-element-56d4781f e-flex e-con-boxed e-con e-parent\" data-id=\"56d4781f\" data-element_type=\"container\">\n\t\t\t\t\t<div class=\"e-con-inner\">\n\t\t<div class=\"elementor-element elementor-element-476692d9 e-con-full e-flex e-con e-child\" data-id=\"476692d9\" data-element_type=\"container\" data-settings=\"{&quot;background_background&quot;:&quot;classic&quot;}\">\n\t\t<div class=\"elementor-element elementor-element-797dc33a e-con-full e-flex e-con e-child\" data-id=\"797dc33a\" data-element_type=\"container\" data-settings=\"{&quot;background_background&quot;:&quot;classic&quot;}\">\n\t\t\t\t<div class=\"elementor-element elementor-element-8e07bda elementor-widget elementor-widget-heading\" data-id=\"8e07bda\" data-element_type=\"widget\" data-widget_type=\"heading.default\">\n\t\t\t\t<div class=\"elementor-widget-container\">\n\t\t\t\t\t<h2 class=\"elementor-heading-title elementor-size-default\">O na\u0161ej spolo\u010dnosti ADLER PLUS<\/h2>\t\t\t\t<\/div>\n\t\t\t\t<\/div>\n\t\t\t\t<div class=\"elementor-element elementor-element-65b9c808 elementor-widget elementor-widget-text-editor\" data-id=\"65b9c808\" data-element_type=\"widget\" data-widget_type=\"text-editor.default\">\n\t\t\t\t<div class=\"elementor-widget-container\">\n\t\t\t\t\t\t\t\t\t<p>Od roku 2003 je na\u0161ou v\u00e1\u0161\u0148ou v\u00fdvoj a v\u00fdroba plastov\u00fdch okien a dver\u00ed. V roku 2023 sme \u00faspe\u0161ne dokon\u010dili kompletn\u00fa moderniz\u00e1ciu strojov\u00e9ho vybavenia na\u0161ej firmy a pre\u0161li na \u0161tandard priemyslu 4.0. Na\u0161e technol\u00f3gie zah\u0155\u0148aj\u00fa automatick\u00fd n\u00e1rez, obr\u00e1bacie centrum a 4-hlavov\u00fa zv\u00e1ra\u010dku, pri\u010dom v\u0161etky stroje poch\u00e1dzaj\u00fa od popredn\u00fdch svetov\u00fdch v\u00fdrobcov, ako s\u00fa ELUMATEC a ST\u00dcRTZ.<\/p><p>Okrem plastov\u00fdch okien a dver\u00ed sa \u0161pecializujeme aj na <strong>v\u00fdrobu a mont\u00e1\u017e vonkaj\u0161\u00edch \u017eal\u00fazi\u00ed,<\/strong> vonkaj\u0161\u00edch roliet, medzisklenn\u00fdch \u017eal\u00fazi\u00ed, hlin\u00edkov\u00fdch okien a dver\u00ed zna\u010dky Aluprof. Taktie\u017e zabezpe\u010dujeme mont\u00e1\u017e gar\u00e1\u017eov\u00fdch br\u00e1n a \u0161irok\u00e9ho spektra doplnkov a tieniacej techniky.<\/p>\t\t\t\t\t\t\t\t<\/div>\n\t\t\t\t<\/div>\n\t\t\t\t<\/div>\n\t\t\t\t<\/div>\n\t\t\t\t\t<\/div>\n\t\t\t\t<\/div>\n\t\t\t\t<\/div>","protected":false},"excerpt":{"rendered":"<p>detailnej\u0161ie inform\u00e1cie oh\u013eadom z\u00e1ruky Z\u00e1ruka a servis Sekciu pripravujeme, viac inform\u00e1ci\u00ed oh\u013eadom z\u00e1ru\u010dn\u00fdch a poz\u00e1ru\u010dn\u00fdch opr\u00e1v a servisu u\u017e \u010doskoro.. Cenov\u00e1 ponuka na mieru Potrebujete individu\u00e1lnu cenov\u00fa ponuku? Vypl\u0148te n\u00e1\u0161 jednoduch\u00fd online formul\u00e1r, pr\u00edpadne n\u00e1s kontaktujte priamo\u00a0e-mailom alebo telefonicky. Na\u0161a spolo\u010dnos\u0165 p\u00f4sob\u00ed po celom Slovensku, vr\u00e1tane miest ako Bratislava, Ko\u0161ice, Pre\u0161ov, \u017dilina, Bansk\u00e1 Bystrica, Nitra, [&hellip;]<\/p>","protected":false},"author":1,"featured_media":5762,"parent":0,"menu_order":0,"comment_status":"closed","ping_status":"closed","template":"","meta":{"footnotes":""},"class_list":["post-6424","page","type-page","status-publish","has-post-thumbnail","hentry"],"yoast_head":"<!-- This site is optimized with the Yoast SEO plugin v25.5 - https:\/\/yoast.com\/wordpress\/plugins\/seo\/ -->\n<title>Z\u00e1ruka a servis okien - ADLER Plus s.r.o.<\/title>\n<meta name=\"description\" content=\"Z\u00e1ruka a servis okien Adler Plus. Pon\u00fakame profesion\u00e1lny servis a z\u00e1ruku na na\u0161e produkty. Spo\u013eahnite sa na n\u00e1s.\" \/>\n<meta name=\"robots\" content=\"index, follow, max-snippet:-1, max-image-preview:large, max-video-preview:-1\" \/>\n<link rel=\"canonical\" href=\"https:\/\/www.adlerplus.sk\/en\/zaruka-a-servis\/\" \/>\n<meta property=\"og:locale\" content=\"en_US\" \/>\n<meta property=\"og:type\" content=\"article\" \/>\n<meta property=\"og:title\" content=\"Z\u00e1ruka a servis okien - ADLER Plus s.r.o.\" \/>\n<meta property=\"og:description\" content=\"Z\u00e1ruka a servis okien Adler Plus. Pon\u00fakame profesion\u00e1lny servis a z\u00e1ruku na na\u0161e produkty. Spo\u013eahnite sa na n\u00e1s.\" \/>\n<meta property=\"og:url\" content=\"https:\/\/www.adlerplus.sk\/en\/zaruka-a-servis\/\" \/>\n<meta property=\"og:site_name\" content=\"ADLER Plus s.r.o.\" \/>\n<meta property=\"article:modified_time\" content=\"2025-01-13T18:33:15+00:00\" \/>\n<meta name=\"twitter:card\" content=\"summary_large_image\" \/>\n<meta name=\"twitter:label1\" content=\"Est. reading time\" \/>\n\t<meta name=\"twitter:data1\" content=\"1 minute\" \/>\n<script type=\"application\/ld+json\" class=\"yoast-schema-graph\">{\"@context\":\"https:\/\/schema.org\",\"@graph\":[{\"@type\":\"WebPage\",\"@id\":\"https:\/\/www.adlerplus.sk\/zaruka-a-servis\/\",\"url\":\"https:\/\/www.adlerplus.sk\/zaruka-a-servis\/\",\"name\":\"Z\u00e1ruka a servis okien - ADLER Plus s.r.o.\",\"isPartOf\":{\"@id\":\"https:\/\/www.adlerplus.sk\/#website\"},\"primaryImageOfPage\":{\"@id\":\"https:\/\/www.adlerplus.sk\/zaruka-a-servis\/#primaryimage\"},\"image\":{\"@id\":\"https:\/\/www.adlerplus.sk\/zaruka-a-servis\/#primaryimage\"},\"thumbnailUrl\":\"https:\/\/www.adlerplus.sk\/wp-content\/uploads\/2025\/01\/Zaruka-a-servis.svg\",\"datePublished\":\"2025-01-11T08:33:41+00:00\",\"dateModified\":\"2025-01-13T18:33:15+00:00\",\"description\":\"Z\u00e1ruka a servis okien Adler Plus. Pon\u00fakame profesion\u00e1lny servis a z\u00e1ruku na na\u0161e produkty. Spo\u013eahnite sa na n\u00e1s.\",\"breadcrumb\":{\"@id\":\"https:\/\/www.adlerplus.sk\/zaruka-a-servis\/#breadcrumb\"},\"inLanguage\":\"en-US\",\"potentialAction\":[{\"@type\":\"ReadAction\",\"target\":[\"https:\/\/www.adlerplus.sk\/zaruka-a-servis\/\"]}]},{\"@type\":\"ImageObject\",\"inLanguage\":\"en-US\",\"@id\":\"https:\/\/www.adlerplus.sk\/zaruka-a-servis\/#primaryimage\",\"url\":\"https:\/\/www.adlerplus.sk\/wp-content\/uploads\/2025\/01\/Zaruka-a-servis.svg\",\"contentUrl\":\"https:\/\/www.adlerplus.sk\/wp-content\/uploads\/2025\/01\/Zaruka-a-servis.svg\",\"width\":557,\"height\":450,\"caption\":\"z\u00e1ruka a servis okien adler plus\"},{\"@type\":\"BreadcrumbList\",\"@id\":\"https:\/\/www.adlerplus.sk\/zaruka-a-servis\/#breadcrumb\",\"itemListElement\":[{\"@type\":\"ListItem\",\"position\":1,\"name\":\"Home\",\"item\":\"https:\/\/www.adlerplus.sk\/\"},{\"@type\":\"ListItem\",\"position\":2,\"name\":\"Z\u00e1ruka a servis\"}]},{\"@type\":\"WebSite\",\"@id\":\"https:\/\/www.adlerplus.sk\/#website\",\"url\":\"https:\/\/www.adlerplus.sk\/\",\"name\":\"ADLER Plus s.r.o.\",\"description\":\"V\u00fdroba plastov\u00fdch okien a dver\u00ed\",\"publisher\":{\"@id\":\"https:\/\/www.adlerplus.sk\/#organization\"},\"potentialAction\":[{\"@type\":\"SearchAction\",\"target\":{\"@type\":\"EntryPoint\",\"urlTemplate\":\"https:\/\/www.adlerplus.sk\/?s={search_term_string}\"},\"query-input\":{\"@type\":\"PropertyValueSpecification\",\"valueRequired\":true,\"valueName\":\"search_term_string\"}}],\"inLanguage\":\"en-US\"},{\"@type\":\"Organization\",\"@id\":\"https:\/\/www.adlerplus.sk\/#organization\",\"name\":\"ADLER Plus s.r.o.\",\"url\":\"https:\/\/www.adlerplus.sk\/\",\"logo\":{\"@type\":\"ImageObject\",\"inLanguage\":\"en-US\",\"@id\":\"https:\/\/www.adlerplus.sk\/#\/schema\/logo\/image\/\",\"url\":\"https:\/\/www.adlerplus.sk\/wp-content\/uploads\/2019\/08\/logo-adler-retina-screen.png\",\"contentUrl\":\"https:\/\/www.adlerplus.sk\/wp-content\/uploads\/2019\/08\/logo-adler-retina-screen.png\",\"width\":700,\"height\":153,\"caption\":\"ADLER Plus s.r.o.\"},\"image\":{\"@id\":\"https:\/\/www.adlerplus.sk\/#\/schema\/logo\/image\/\"}}]}<\/script>\n<!-- \/ Yoast SEO plugin. -->","yoast_head_json":{"title":"Z\u00e1ruka a servis okien - ADLER Plus s.r.o.","description":"Z\u00e1ruka a servis okien Adler Plus. Pon\u00fakame profesion\u00e1lny servis a z\u00e1ruku na na\u0161e produkty. Spo\u013eahnite sa na n\u00e1s.","robots":{"index":"index","follow":"follow","max-snippet":"max-snippet:-1","max-image-preview":"max-image-preview:large","max-video-preview":"max-video-preview:-1"},"canonical":"https:\/\/www.adlerplus.sk\/en\/zaruka-a-servis\/","og_locale":"en_US","og_type":"article","og_title":"Z\u00e1ruka a servis okien - ADLER Plus s.r.o.","og_description":"Z\u00e1ruka a servis okien Adler Plus. Pon\u00fakame profesion\u00e1lny servis a z\u00e1ruku na na\u0161e produkty. Spo\u013eahnite sa na n\u00e1s.","og_url":"https:\/\/www.adlerplus.sk\/en\/zaruka-a-servis\/","og_site_name":"ADLER Plus s.r.o.","article_modified_time":"2025-01-13T18:33:15+00:00","twitter_card":"summary_large_image","twitter_misc":{"Est. reading time":"1 minute"},"schema":{"@context":"https:\/\/schema.org","@graph":[{"@type":"WebPage","@id":"https:\/\/www.adlerplus.sk\/zaruka-a-servis\/","url":"https:\/\/www.adlerplus.sk\/zaruka-a-servis\/","name":"Z\u00e1ruka a servis okien - ADLER Plus s.r.o.","isPartOf":{"@id":"https:\/\/www.adlerplus.sk\/#website"},"primaryImageOfPage":{"@id":"https:\/\/www.adlerplus.sk\/zaruka-a-servis\/#primaryimage"},"image":{"@id":"https:\/\/www.adlerplus.sk\/zaruka-a-servis\/#primaryimage"},"thumbnailUrl":"https:\/\/www.adlerplus.sk\/wp-content\/uploads\/2025\/01\/Zaruka-a-servis.svg","datePublished":"2025-01-11T08:33:41+00:00","dateModified":"2025-01-13T18:33:15+00:00","description":"Z\u00e1ruka a servis okien Adler Plus. Pon\u00fakame profesion\u00e1lny servis a z\u00e1ruku na na\u0161e produkty. Spo\u013eahnite sa na n\u00e1s.","breadcrumb":{"@id":"https:\/\/www.adlerplus.sk\/zaruka-a-servis\/#breadcrumb"},"inLanguage":"en-US","potentialAction":[{"@type":"ReadAction","target":["https:\/\/www.adlerplus.sk\/zaruka-a-servis\/"]}]},{"@type":"ImageObject","inLanguage":"en-US","@id":"https:\/\/www.adlerplus.sk\/zaruka-a-servis\/#primaryimage","url":"https:\/\/www.adlerplus.sk\/wp-content\/uploads\/2025\/01\/Zaruka-a-servis.svg","contentUrl":"https:\/\/www.adlerplus.sk\/wp-content\/uploads\/2025\/01\/Zaruka-a-servis.svg","width":557,"height":450,"caption":"z\u00e1ruka a servis okien adler plus"},{"@type":"BreadcrumbList","@id":"https:\/\/www.adlerplus.sk\/zaruka-a-servis\/#breadcrumb","itemListElement":[{"@type":"ListItem","position":1,"name":"Home","item":"https:\/\/www.adlerplus.sk\/"},{"@type":"ListItem","position":2,"name":"Z\u00e1ruka a servis"}]},{"@type":"WebSite","@id":"https:\/\/www.adlerplus.sk\/#website","url":"https:\/\/www.adlerplus.sk\/","name":"ADLER Plus s.r.o.","description":"V\u00fdroba plastov\u00fdch okien a dver\u00ed","publisher":{"@id":"https:\/\/www.adlerplus.sk\/#organization"},"potentialAction":[{"@type":"SearchAction","target":{"@type":"EntryPoint","urlTemplate":"https:\/\/www.adlerplus.sk\/?s={search_term_string}"},"query-input":{"@type":"PropertyValueSpecification","valueRequired":true,"valueName":"search_term_string"}}],"inLanguage":"en-US"},{"@type":"Organization","@id":"https:\/\/www.adlerplus.sk\/#organization","name":"ADLER Plus s.r.o.","url":"https:\/\/www.adlerplus.sk\/","logo":{"@type":"ImageObject","inLanguage":"en-US","@id":"https:\/\/www.adlerplus.sk\/#\/schema\/logo\/image\/","url":"https:\/\/www.adlerplus.sk\/wp-content\/uploads\/2019\/08\/logo-adler-retina-screen.png","contentUrl":"https:\/\/www.adlerplus.sk\/wp-content\/uploads\/2019\/08\/logo-adler-retina-screen.png","width":700,"height":153,"caption":"ADLER Plus s.r.o."},"image":{"@id":"https:\/\/www.adlerplus.sk\/#\/schema\/logo\/image\/"}}]}},"_links":{"self":[{"href":"https:\/\/www.adlerplus.sk\/en\/wp-json\/wp\/v2\/pages\/6424","targetHints":{"allow":["GET"]}}],"collection":[{"href":"https:\/\/www.adlerplus.sk\/en\/wp-json\/wp\/v2\/pages"}],"about":[{"href":"https:\/\/www.adlerplus.sk\/en\/wp-json\/wp\/v2\/types\/page"}],"author":[{"embeddable":true,"href":"https:\/\/www.adlerplus.sk\/en\/wp-json\/wp\/v2\/users\/1"}],"replies":[{"embeddable":true,"href":"https:\/\/www.adlerplus.sk\/en\/wp-json\/wp\/v2\/comments?post=6424"}],"version-history":[{"count":0,"href":"https:\/\/www.adlerplus.sk\/en\/wp-json\/wp\/v2\/pages\/6424\/revisions"}],"wp:featuredmedia":[{"embeddable":true,"href":"https:\/\/www.adlerplus.sk\/en\/wp-json\/wp\/v2\/media\/5762"}],"wp:attachment":[{"href":"https:\/\/www.adlerplus.sk\/en\/wp-json\/wp\/v2\/media?parent=6424"}],"curies":[{"name":"wp","href":"https:\/\/api.w.org\/{rel}","templated":true}]}}