{"id":4533,"date":"2024-12-28T10:16:56","date_gmt":"2024-12-28T09:16:56","guid":{"rendered":"https:\/\/www.adlerplus.sk\/?page_id=4533"},"modified":"2026-01-09T07:28:07","modified_gmt":"2026-01-09T06:28:07","slug":"okna","status":"publish","type":"page","link":"https:\/\/www.adlerplus.sk\/en\/okna\/","title":{"rendered":"Plastov\u00e9 okn\u00e1"},"content":{"rendered":"<div data-elementor-type=\"wp-page\" data-elementor-id=\"4533\" class=\"elementor elementor-4533\" data-elementor-post-type=\"page\">\n\t\t\t\t<div class=\"elementor-element elementor-element-69be77c e-flex e-con-boxed e-con e-parent\" data-id=\"69be77c\" data-element_type=\"container\" data-settings=\"{&quot;background_background&quot;:&quot;classic&quot;}\">\n\t\t\t\t\t<div class=\"e-con-inner\">\n\t\t\t\t<div class=\"elementor-element elementor-element-46bfb1e5 elementor-widget elementor-widget-heading\" data-id=\"46bfb1e5\" data-element_type=\"widget\" data-widget_type=\"heading.default\">\n\t\t\t\t<div class=\"elementor-widget-container\">\n\t\t\t\t\t<h6 class=\"elementor-heading-title elementor-size-default\">Produkty priamo z na\u0161ej v\u00fdroby<\/h6>\t\t\t\t<\/div>\n\t\t\t\t<\/div>\n\t\t\t\t<div class=\"elementor-element elementor-element-12e3dfb6 elementor-widget elementor-widget-heading\" data-id=\"12e3dfb6\" data-element_type=\"widget\" data-widget_type=\"heading.default\">\n\t\t\t\t<div class=\"elementor-widget-container\">\n\t\t\t\t\t<h1 class=\"elementor-heading-title elementor-size-default\">Plastov\u00e9 a hlin\u00edkov\u00e9 <span class=\"underline-green-2\">okn\u00e1 <\/span><\/h1>\t\t\t\t<\/div>\n\t\t\t\t<\/div>\n\t\t\t\t<div class=\"elementor-element elementor-element-7fe4d993 elementor-widget-divider--view-line elementor-widget elementor-widget-divider\" data-id=\"7fe4d993\" data-element_type=\"widget\" data-widget_type=\"divider.default\">\n\t\t\t\t<div class=\"elementor-widget-container\">\n\t\t\t\t\t\t\t<div class=\"elementor-divider\">\n\t\t\t<span class=\"elementor-divider-separator\">\n\t\t\t\t\t\t<\/span>\n\t\t<\/div>\n\t\t\t\t\t\t<\/div>\n\t\t\t\t<\/div>\n\t\t\t\t\t<\/div>\n\t\t\t\t<\/div>\n\t\t<div class=\"elementor-element elementor-element-82e892b e-flex e-con-boxed e-con e-parent\" data-id=\"82e892b\" data-element_type=\"container\">\n\t\t\t\t\t<div class=\"e-con-inner\">\n\t\t<div class=\"elementor-element elementor-element-e2a7abd e-con-full e-flex e-con e-child\" data-id=\"e2a7abd\" data-element_type=\"container\">\n\t\t<div class=\"elementor-element elementor-element-3acac5b e-con-full e-flex e-con e-child\" data-id=\"3acac5b\" data-element_type=\"container\">\n\t\t\t\t<div class=\"elementor-element elementor-element-9ce8ac5 elementor-widget elementor-widget-image\" data-id=\"9ce8ac5\" data-element_type=\"widget\" data-widget_type=\"image.default\">\n\t\t\t\t<div class=\"elementor-widget-container\">\n\t\t\t\t\t\t\t\t\t\t\t\t\t\t\t\t<a href=\"https:\/\/www.adlerplus.sk\/en\/okna\/plastove-okna-schuco\/\">\n\t\t\t\t\t\t\t<img fetchpriority=\"high\" decoding=\"async\" width=\"800\" height=\"800\" src=\"https:\/\/www.adlerplus.sk\/wp-content\/uploads\/2026\/01\/Schuco-Living-bez-pozadia-1024x1024.jpg\" class=\"attachment-large size-large wp-image-7627\" alt=\"\" srcset=\"https:\/\/www.adlerplus.sk\/wp-content\/uploads\/2026\/01\/Schuco-Living-bez-pozadia-1024x1024.jpg 1024w, https:\/\/www.adlerplus.sk\/wp-content\/uploads\/2026\/01\/Schuco-Living-bez-pozadia-300x300.jpg 300w, https:\/\/www.adlerplus.sk\/wp-content\/uploads\/2026\/01\/Schuco-Living-bez-pozadia-150x150.jpg 150w, https:\/\/www.adlerplus.sk\/wp-content\/uploads\/2026\/01\/Schuco-Living-bez-pozadia-768x768.jpg 768w, https:\/\/www.adlerplus.sk\/wp-content\/uploads\/2026\/01\/Schuco-Living-bez-pozadia-1536x1536.jpg 1536w, https:\/\/www.adlerplus.sk\/wp-content\/uploads\/2026\/01\/Schuco-Living-bez-pozadia-2048x2048.jpg 2048w, https:\/\/www.adlerplus.sk\/wp-content\/uploads\/2026\/01\/Schuco-Living-bez-pozadia-12x12.jpg 12w\" sizes=\"(max-width: 800px) 100vw, 800px\" \/>\t\t\t\t\t\t\t\t<\/a>\n\t\t\t\t\t\t\t\t\t\t\t\t\t\t\t<\/div>\n\t\t\t\t<\/div>\n\t\t\t\t<div class=\"elementor-element elementor-element-31a51109 elementor-widget elementor-widget-heading\" data-id=\"31a51109\" data-element_type=\"widget\" data-widget_type=\"heading.default\">\n\t\t\t\t<div class=\"elementor-widget-container\">\n\t\t\t\t\t<h2 class=\"elementor-heading-title elementor-size-default\"><a href=\"https:\/\/www.adlerplus.sk\/en\/okna\/plastove-okna-schuco\/\">LivIng 82 MD<\/a><\/h2>\t\t\t\t<\/div>\n\t\t\t\t<\/div>\n\t\t\t\t<div class=\"elementor-element elementor-element-5209020d elementor-widget elementor-widget-text-editor\" data-id=\"5209020d\" data-element_type=\"widget\" data-widget_type=\"text-editor.default\">\n\t\t\t\t<div class=\"elementor-widget-container\">\n\t\t\t\t\t\t\t\t\tV\u00fdrobca profilov:\nSCH\u00dcCO\t\t\t\t\t\t\t\t<\/div>\n\t\t\t\t<\/div>\n\t\t\t\t<div class=\"elementor-element elementor-element-22461fd elementor-widget elementor-widget-button\" data-id=\"22461fd\" data-element_type=\"widget\" data-widget_type=\"button.default\">\n\t\t\t\t<div class=\"elementor-widget-container\">\n\t\t\t\t\t\t\t\t\t<div class=\"elementor-button-wrapper\">\n\t\t\t\t\t<a class=\"elementor-button elementor-button-link elementor-size-sm\" href=\"https:\/\/www.adlerplus.sk\/en\/okna\/plastove-okna-schuco\/\">\n\t\t\t\t\t\t<span class=\"elementor-button-content-wrapper\">\n\t\t\t\t\t\t<span class=\"elementor-button-icon\">\n\t\t\t\t<svg xmlns=\"http:\/\/www.w3.org\/2000\/svg\" id=\"Layer_1\" data-name=\"Layer 1\" viewbox=\"0 0 11.99 11.99\"><path d=\"M8,7A1,1,0,0,1,9,6h8a1,1,0,0,1,1,1v8a1,1,0,0,1-2,0V9.41l-8.29,8.3a1,1,0,0,1-1.42-1.42L14.59,8H9A1,1,0,0,1,8,7Z\" transform=\"translate(-6.01 -6)\"><\/path><\/svg>\t\t\t<\/span>\n\t\t\t\t\t\t\t\t\t<span class=\"elementor-button-text\">Viac inform\u00e1ci\u00ed<\/span>\n\t\t\t\t\t<\/span>\n\t\t\t\t\t<\/a>\n\t\t\t\t<\/div>\n\t\t\t\t\t\t\t\t<\/div>\n\t\t\t\t<\/div>\n\t\t\t\t<\/div>\n\t\t<div class=\"elementor-element elementor-element-8b4b1c8 e-con-full e-flex e-con e-child\" data-id=\"8b4b1c8\" data-element_type=\"container\">\n\t\t\t\t<div class=\"elementor-element elementor-element-212fa66 elementor-widget elementor-widget-image\" data-id=\"212fa66\" data-element_type=\"widget\" data-widget_type=\"image.default\">\n\t\t\t\t<div class=\"elementor-widget-container\">\n\t\t\t\t\t\t\t\t\t\t\t\t\t\t\t\t<a href=\"https:\/\/www.adlerplus.sk\/en\/okna\/plastove-okna-schuco\/#focusing\">\n\t\t\t\t\t\t\t<img decoding=\"async\" width=\"800\" height=\"800\" src=\"https:\/\/www.adlerplus.sk\/wp-content\/uploads\/2026\/01\/Schuco-Focusing-bez-pozadia-1024x1024.jpg\" class=\"attachment-large size-large wp-image-7628\" alt=\"\" srcset=\"https:\/\/www.adlerplus.sk\/wp-content\/uploads\/2026\/01\/Schuco-Focusing-bez-pozadia-1024x1024.jpg 1024w, https:\/\/www.adlerplus.sk\/wp-content\/uploads\/2026\/01\/Schuco-Focusing-bez-pozadia-300x300.jpg 300w, https:\/\/www.adlerplus.sk\/wp-content\/uploads\/2026\/01\/Schuco-Focusing-bez-pozadia-150x150.jpg 150w, https:\/\/www.adlerplus.sk\/wp-content\/uploads\/2026\/01\/Schuco-Focusing-bez-pozadia-768x768.jpg 768w, https:\/\/www.adlerplus.sk\/wp-content\/uploads\/2026\/01\/Schuco-Focusing-bez-pozadia-1536x1536.jpg 1536w, https:\/\/www.adlerplus.sk\/wp-content\/uploads\/2026\/01\/Schuco-Focusing-bez-pozadia-2048x2048.jpg 2048w, https:\/\/www.adlerplus.sk\/wp-content\/uploads\/2026\/01\/Schuco-Focusing-bez-pozadia-12x12.jpg 12w\" sizes=\"(max-width: 800px) 100vw, 800px\" \/>\t\t\t\t\t\t\t\t<\/a>\n\t\t\t\t\t\t\t\t\t\t\t\t\t\t\t<\/div>\n\t\t\t\t<\/div>\n\t\t\t\t<div class=\"elementor-element elementor-element-ba41ee2 elementor-widget elementor-widget-heading\" data-id=\"ba41ee2\" data-element_type=\"widget\" data-widget_type=\"heading.default\">\n\t\t\t\t<div class=\"elementor-widget-container\">\n\t\t\t\t\t<h2 class=\"elementor-heading-title elementor-size-default\"><a href=\"https:\/\/www.adlerplus.sk\/en\/okna\/plastove-okna-schuco\/#focusing\">FocusIng 76 AD\n<\/a><\/h2>\t\t\t\t<\/div>\n\t\t\t\t<\/div>\n\t\t\t\t<div class=\"elementor-element elementor-element-203b477 elementor-widget elementor-widget-text-editor\" data-id=\"203b477\" data-element_type=\"widget\" data-widget_type=\"text-editor.default\">\n\t\t\t\t<div class=\"elementor-widget-container\">\n\t\t\t\t\t\t\t\t\tV\u00fdrobca profilov:\nSCH\u00dcCO\t\t\t\t\t\t\t\t<\/div>\n\t\t\t\t<\/div>\n\t\t\t\t<div class=\"elementor-element elementor-element-0003573 elementor-widget elementor-widget-button\" data-id=\"0003573\" data-element_type=\"widget\" data-widget_type=\"button.default\">\n\t\t\t\t<div class=\"elementor-widget-container\">\n\t\t\t\t\t\t\t\t\t<div class=\"elementor-button-wrapper\">\n\t\t\t\t\t<a class=\"elementor-button elementor-button-link elementor-size-sm\" href=\"https:\/\/www.adlerplus.sk\/en\/okna\/plastove-okna-schuco\/#focusing\">\n\t\t\t\t\t\t<span class=\"elementor-button-content-wrapper\">\n\t\t\t\t\t\t<span class=\"elementor-button-icon\">\n\t\t\t\t<svg xmlns=\"http:\/\/www.w3.org\/2000\/svg\" id=\"Layer_1\" data-name=\"Layer 1\" viewbox=\"0 0 11.99 11.99\"><path d=\"M8,7A1,1,0,0,1,9,6h8a1,1,0,0,1,1,1v8a1,1,0,0,1-2,0V9.41l-8.29,8.3a1,1,0,0,1-1.42-1.42L14.59,8H9A1,1,0,0,1,8,7Z\" transform=\"translate(-6.01 -6)\"><\/path><\/svg>\t\t\t<\/span>\n\t\t\t\t\t\t\t\t\t<span class=\"elementor-button-text\">Viac inform\u00e1ci\u00ed<\/span>\n\t\t\t\t\t<\/span>\n\t\t\t\t\t<\/a>\n\t\t\t\t<\/div>\n\t\t\t\t\t\t\t\t<\/div>\n\t\t\t\t<\/div>\n\t\t\t\t<\/div>\n\t\t<div class=\"elementor-element elementor-element-690898f e-con-full e-flex e-con e-child\" data-id=\"690898f\" data-element_type=\"container\">\n\t\t\t\t<div class=\"elementor-element elementor-element-068135c elementor-widget elementor-widget-image\" data-id=\"068135c\" data-element_type=\"widget\" data-widget_type=\"image.default\">\n\t\t\t\t<div class=\"elementor-widget-container\">\n\t\t\t\t\t\t\t\t\t\t\t\t\t\t\t\t<a href=\"https:\/\/www.adlerplus.sk\/en\/okna\/hlinikove-okna-aluprof\/\">\n\t\t\t\t\t\t\t<img decoding=\"async\" width=\"163\" height=\"300\" src=\"https:\/\/www.adlerplus.sk\/wp-content\/uploads\/2025\/01\/Hlinikove-okna-profil.png\" class=\"attachment-large size-large wp-image-4959\" alt=\"\" srcset=\"https:\/\/www.adlerplus.sk\/wp-content\/uploads\/2025\/01\/Hlinikove-okna-profil.png 163w, https:\/\/www.adlerplus.sk\/wp-content\/uploads\/2025\/01\/Hlinikove-okna-profil-7x12.png 7w\" sizes=\"(max-width: 163px) 100vw, 163px\" \/>\t\t\t\t\t\t\t\t<\/a>\n\t\t\t\t\t\t\t\t\t\t\t\t\t\t\t<\/div>\n\t\t\t\t<\/div>\n\t\t\t\t<div class=\"elementor-element elementor-element-486ca84 elementor-widget elementor-widget-heading\" data-id=\"486ca84\" data-element_type=\"widget\" data-widget_type=\"heading.default\">\n\t\t\t\t<div class=\"elementor-widget-container\">\n\t\t\t\t\t<h2 class=\"elementor-heading-title elementor-size-default\"><a href=\"https:\/\/www.adlerplus.sk\/en\/okna\/hlinikove-okna-aluprof\/\">ALUPROF MB<\/a><\/h2>\t\t\t\t<\/div>\n\t\t\t\t<\/div>\n\t\t\t\t<div class=\"elementor-element elementor-element-7579807 elementor-widget elementor-widget-text-editor\" data-id=\"7579807\" data-element_type=\"widget\" data-widget_type=\"text-editor.default\">\n\t\t\t\t<div class=\"elementor-widget-container\">\n\t\t\t\t\t\t\t\t\tV\u00fdrobca profilov: ALUPROF\t\t\t\t\t\t\t\t<\/div>\n\t\t\t\t<\/div>\n\t\t\t\t<div class=\"elementor-element elementor-element-9c0a654 elementor-widget elementor-widget-button\" data-id=\"9c0a654\" data-element_type=\"widget\" data-widget_type=\"button.default\">\n\t\t\t\t<div class=\"elementor-widget-container\">\n\t\t\t\t\t\t\t\t\t<div class=\"elementor-button-wrapper\">\n\t\t\t\t\t<a class=\"elementor-button elementor-button-link elementor-size-sm\" href=\"https:\/\/www.adlerplus.sk\/en\/okna\/hlinikove-okna-aluprof\/\">\n\t\t\t\t\t\t<span class=\"elementor-button-content-wrapper\">\n\t\t\t\t\t\t<span class=\"elementor-button-icon\">\n\t\t\t\t<svg xmlns=\"http:\/\/www.w3.org\/2000\/svg\" id=\"Layer_1\" data-name=\"Layer 1\" viewbox=\"0 0 11.99 11.99\"><path d=\"M8,7A1,1,0,0,1,9,6h8a1,1,0,0,1,1,1v8a1,1,0,0,1-2,0V9.41l-8.29,8.3a1,1,0,0,1-1.42-1.42L14.59,8H9A1,1,0,0,1,8,7Z\" transform=\"translate(-6.01 -6)\"><\/path><\/svg>\t\t\t<\/span>\n\t\t\t\t\t\t\t\t\t<span class=\"elementor-button-text\">Viac inform\u00e1ci\u00ed<\/span>\n\t\t\t\t\t<\/span>\n\t\t\t\t\t<\/a>\n\t\t\t\t<\/div>\n\t\t\t\t\t\t\t\t<\/div>\n\t\t\t\t<\/div>\n\t\t\t\t<\/div>\n\t\t\t\t<\/div>\n\t\t\t\t\t<\/div>\n\t\t\t\t<\/div>\n\t\t<div class=\"elementor-element elementor-element-47355707 e-flex e-con-boxed e-con e-parent\" data-id=\"47355707\" data-element_type=\"container\" data-settings=\"{&quot;background_background&quot;:&quot;classic&quot;}\">\n\t\t\t\t\t<div class=\"e-con-inner\">\n\t\t<div class=\"elementor-element elementor-element-6d116f42 e-con-full e-flex e-con e-child\" data-id=\"6d116f42\" data-element_type=\"container\" data-settings=\"{&quot;background_background&quot;:&quot;classic&quot;}\">\n\t\t<div class=\"elementor-element elementor-element-1e2fc17 e-con-full e-flex e-con e-child\" data-id=\"1e2fc17\" data-element_type=\"container\" data-settings=\"{&quot;background_background&quot;:&quot;classic&quot;}\">\n\t\t\t\t<div class=\"elementor-element elementor-element-41567ccc elementor-widget elementor-widget-heading\" data-id=\"41567ccc\" data-element_type=\"widget\" data-widget_type=\"heading.default\">\n\t\t\t\t<div class=\"elementor-widget-container\">\n\t\t\t\t\t<h2 class=\"elementor-heading-title elementor-size-default\">Okn\u00e1 vyr\u00e1bame u\u017e viac ako 20 rokov<\/h2>\t\t\t\t<\/div>\n\t\t\t\t<\/div>\n\t\t\t\t<div class=\"elementor-element elementor-element-6bc7a44a elementor-widget elementor-widget-text-editor\" data-id=\"6bc7a44a\" data-element_type=\"widget\" data-widget_type=\"text-editor.default\">\n\t\t\t\t<div class=\"elementor-widget-container\">\n\t\t\t\t\t\t\t\t\t<p>V\u0161etky tieto v\u00fdrobky vyr\u00e1bame vo vlastnom v\u00fdrobnom are\u00e1li v Jaslovsk\u00fdch Bohuniciach. Ka\u017ed\u00fd kus je starostlivo spracovan\u00fd s d\u00f4razom na kvalitu a prec\u00edznos\u0165. Na\u0161e v\u00fdrobky s\u00fa vybaven\u00e9 kovanim SIEGENIA Titan AF, ktor\u00e9 zabezpe\u010duje ich spo\u013eahlivos\u0165 a dlh\u00fa \u017eivotnos\u0165. Venujeme tie\u017e osobitn\u00fa pozornos\u0165 bezpe\u010dnosti a energetick\u00fdm \u00faspor\u00e1m, preto s\u00fa v\u0161etky na\u0161e okn\u00e1 a dvere zasklen\u00e9 izola\u010dn\u00fdmi sklami, ktor\u00e9 s\u00fa vyr\u00e1ban\u00e9 priamo na Slovensku. V\u010faka tomu m\u00f4\u017eeme garantova\u0165 nielen kvalitu, ale aj r\u00fdchlu dostupnos\u0165 a flexibilitu pri prisp\u00f4soben\u00ed sa potreb\u00e1m na\u0161ich z\u00e1kazn\u00edkov.<\/p>\t\t\t\t\t\t\t\t<\/div>\n\t\t\t\t<\/div>\n\t\t\t\t<div class=\"elementor-element elementor-element-78f9005 elementor-widget elementor-widget-button\" data-id=\"78f9005\" data-element_type=\"widget\" data-widget_type=\"button.default\">\n\t\t\t\t<div class=\"elementor-widget-container\">\n\t\t\t\t\t\t\t\t\t<div class=\"elementor-button-wrapper\">\n\t\t\t\t\t<a class=\"elementor-button elementor-button-link elementor-size-sm\" href=\"https:\/\/www.adlerplus.sk\/en\/o-nas-2\/\">\n\t\t\t\t\t\t<span class=\"elementor-button-content-wrapper\">\n\t\t\t\t\t\t<span class=\"elementor-button-icon\">\n\t\t\t\t<svg xmlns=\"http:\/\/www.w3.org\/2000\/svg\" id=\"Layer_1\" data-name=\"Layer 1\" viewbox=\"0 0 11.99 11.99\"><path d=\"M8,7A1,1,0,0,1,9,6h8a1,1,0,0,1,1,1v8a1,1,0,0,1-2,0V9.41l-8.29,8.3a1,1,0,0,1-1.42-1.42L14.59,8H9A1,1,0,0,1,8,7Z\" transform=\"translate(-6.01 -6)\"><\/path><\/svg>\t\t\t<\/span>\n\t\t\t\t\t\t\t\t\t<span class=\"elementor-button-text\">viac inform\u00e1ci\u00ed<\/span>\n\t\t\t\t\t<\/span>\n\t\t\t\t\t<\/a>\n\t\t\t\t<\/div>\n\t\t\t\t\t\t\t\t<\/div>\n\t\t\t\t<\/div>\n\t\t\t\t<\/div>\n\t\t\t\t<\/div>\n\t\t\t\t\t<\/div>\n\t\t\t\t<\/div>\n\t\t\t\t<\/div>","protected":false},"excerpt":{"rendered":"<p>Produkty priamo z na\u0161ej v\u00fdroby Plastov\u00e9 a hlin\u00edkov\u00e9 okn\u00e1 LivIng 82 MD V\u00fdrobca profilov: SCH\u00dcCO Viac inform\u00e1ci\u00ed FocusIng 76 AD V\u00fdrobca profilov: SCH\u00dcCO Viac inform\u00e1ci\u00ed ALUPROF MB V\u00fdrobca profilov: ALUPROF Viac inform\u00e1ci\u00ed Okn\u00e1 vyr\u00e1bame u\u017e viac ako 20 rokov V\u0161etky tieto v\u00fdrobky vyr\u00e1bame vo vlastnom v\u00fdrobnom are\u00e1li v Jaslovsk\u00fdch Bohuniciach. Ka\u017ed\u00fd kus je starostlivo spracovan\u00fd [&hellip;]<\/p>","protected":false},"author":1,"featured_media":5480,"parent":0,"menu_order":0,"comment_status":"closed","ping_status":"closed","template":"","meta":{"footnotes":""},"class_list":["post-4533","page","type-page","status-publish","has-post-thumbnail","hentry"],"yoast_head":"<!-- This site is optimized with the Yoast SEO plugin v25.5 - https:\/\/yoast.com\/wordpress\/plugins\/seo\/ -->\n<title>Plastov\u00e9 okn\u00e1 od slovensk\u00e9ho v\u00fdrobcu - Adler Plus<\/title>\n<meta name=\"description\" content=\"V\u00fdroba a predaj plastov\u00fdch okien SCHUCO priamo na Slovensku. Hlin\u00edkov\u00e9 okn\u00e1 na mieru od zna\u010dky ALUPROF. Z\u00edskajte pounuku e\u0161te dnes.\" \/>\n<meta name=\"robots\" content=\"index, follow, max-snippet:-1, max-image-preview:large, max-video-preview:-1\" \/>\n<link rel=\"canonical\" href=\"https:\/\/www.adlerplus.sk\/en\/okna\/\" \/>\n<meta property=\"og:locale\" content=\"en_US\" \/>\n<meta property=\"og:type\" content=\"article\" \/>\n<meta property=\"og:title\" content=\"Plastov\u00e9 okn\u00e1 od slovensk\u00e9ho v\u00fdrobcu - Adler Plus\" \/>\n<meta property=\"og:description\" content=\"V\u00fdroba plastov\u00fdch okien SALAMANDER a SCHUCO priamo na Slovensku. Kovanie Siegenia TITAN AF. U\u017e viac ako 20 rokov na trhu.\" \/>\n<meta property=\"og:url\" content=\"https:\/\/www.adlerplus.sk\/en\/okna\/\" \/>\n<meta property=\"og:site_name\" content=\"ADLER Plus s.r.o.\" \/>\n<meta property=\"article:modified_time\" content=\"2026-01-09T06:28:07+00:00\" \/>\n<meta property=\"og:image\" content=\"https:\/\/www.adlerplus.sk\/wp-content\/uploads\/2025\/01\/Adler-vyroba-2.jpg\" \/>\n\t<meta property=\"og:image:width\" content=\"1900\" \/>\n\t<meta property=\"og:image:height\" content=\"1067\" \/>\n\t<meta property=\"og:image:type\" content=\"image\/jpeg\" \/>\n<meta name=\"twitter:card\" content=\"summary_large_image\" \/>\n<meta name=\"twitter:label1\" content=\"Est. reading time\" \/>\n\t<meta name=\"twitter:data1\" content=\"2 minutes\" \/>\n<script type=\"application\/ld+json\" class=\"yoast-schema-graph\">{\"@context\":\"https:\/\/schema.org\",\"@graph\":[{\"@type\":\"WebPage\",\"@id\":\"https:\/\/www.adlerplus.sk\/okna\/\",\"url\":\"https:\/\/www.adlerplus.sk\/okna\/\",\"name\":\"Plastov\u00e9 okn\u00e1 od slovensk\u00e9ho v\u00fdrobcu - Adler Plus\",\"isPartOf\":{\"@id\":\"https:\/\/www.adlerplus.sk\/#website\"},\"primaryImageOfPage\":{\"@id\":\"https:\/\/www.adlerplus.sk\/okna\/#primaryimage\"},\"image\":{\"@id\":\"https:\/\/www.adlerplus.sk\/okna\/#primaryimage\"},\"thumbnailUrl\":\"https:\/\/www.adlerplus.sk\/wp-content\/uploads\/2025\/01\/Adler-vyroba-2.jpg\",\"datePublished\":\"2024-12-28T09:16:56+00:00\",\"dateModified\":\"2026-01-09T06:28:07+00:00\",\"description\":\"V\u00fdroba a predaj plastov\u00fdch okien SCHUCO priamo na Slovensku. Hlin\u00edkov\u00e9 okn\u00e1 na mieru od zna\u010dky ALUPROF. Z\u00edskajte pounuku e\u0161te dnes.\",\"breadcrumb\":{\"@id\":\"https:\/\/www.adlerplus.sk\/okna\/#breadcrumb\"},\"inLanguage\":\"en-US\",\"potentialAction\":[{\"@type\":\"ReadAction\",\"target\":[\"https:\/\/www.adlerplus.sk\/okna\/\"]}]},{\"@type\":\"ImageObject\",\"inLanguage\":\"en-US\",\"@id\":\"https:\/\/www.adlerplus.sk\/okna\/#primaryimage\",\"url\":\"https:\/\/www.adlerplus.sk\/wp-content\/uploads\/2025\/01\/Adler-vyroba-2.jpg\",\"contentUrl\":\"https:\/\/www.adlerplus.sk\/wp-content\/uploads\/2025\/01\/Adler-vyroba-2.jpg\",\"width\":1900,\"height\":1067,\"caption\":\"V\u00fdroba plastov\u00fdch okien ADLER Jaslovsk\u00e9 Bohunice\"},{\"@type\":\"BreadcrumbList\",\"@id\":\"https:\/\/www.adlerplus.sk\/okna\/#breadcrumb\",\"itemListElement\":[{\"@type\":\"ListItem\",\"position\":1,\"name\":\"Home\",\"item\":\"https:\/\/www.adlerplus.sk\/\"},{\"@type\":\"ListItem\",\"position\":2,\"name\":\"Plastov\u00e9 okn\u00e1\"}]},{\"@type\":\"WebSite\",\"@id\":\"https:\/\/www.adlerplus.sk\/#website\",\"url\":\"https:\/\/www.adlerplus.sk\/\",\"name\":\"ADLER Plus s.r.o.\",\"description\":\"V\u00fdroba plastov\u00fdch okien a dver\u00ed\",\"publisher\":{\"@id\":\"https:\/\/www.adlerplus.sk\/#organization\"},\"potentialAction\":[{\"@type\":\"SearchAction\",\"target\":{\"@type\":\"EntryPoint\",\"urlTemplate\":\"https:\/\/www.adlerplus.sk\/?s={search_term_string}\"},\"query-input\":{\"@type\":\"PropertyValueSpecification\",\"valueRequired\":true,\"valueName\":\"search_term_string\"}}],\"inLanguage\":\"en-US\"},{\"@type\":\"Organization\",\"@id\":\"https:\/\/www.adlerplus.sk\/#organization\",\"name\":\"ADLER Plus s.r.o.\",\"url\":\"https:\/\/www.adlerplus.sk\/\",\"logo\":{\"@type\":\"ImageObject\",\"inLanguage\":\"en-US\",\"@id\":\"https:\/\/www.adlerplus.sk\/#\/schema\/logo\/image\/\",\"url\":\"https:\/\/www.adlerplus.sk\/wp-content\/uploads\/2019\/08\/logo-adler-retina-screen.png\",\"contentUrl\":\"https:\/\/www.adlerplus.sk\/wp-content\/uploads\/2019\/08\/logo-adler-retina-screen.png\",\"width\":700,\"height\":153,\"caption\":\"ADLER Plus s.r.o.\"},\"image\":{\"@id\":\"https:\/\/www.adlerplus.sk\/#\/schema\/logo\/image\/\"}}]}<\/script>\n<!-- \/ Yoast SEO plugin. -->","yoast_head_json":{"title":"Plastov\u00e9 okn\u00e1 od slovensk\u00e9ho v\u00fdrobcu - Adler Plus","description":"V\u00fdroba a predaj plastov\u00fdch okien SCHUCO priamo na Slovensku. Hlin\u00edkov\u00e9 okn\u00e1 na mieru od zna\u010dky ALUPROF. Z\u00edskajte pounuku e\u0161te dnes.","robots":{"index":"index","follow":"follow","max-snippet":"max-snippet:-1","max-image-preview":"max-image-preview:large","max-video-preview":"max-video-preview:-1"},"canonical":"https:\/\/www.adlerplus.sk\/en\/okna\/","og_locale":"en_US","og_type":"article","og_title":"Plastov\u00e9 okn\u00e1 od slovensk\u00e9ho v\u00fdrobcu - Adler Plus","og_description":"V\u00fdroba plastov\u00fdch okien SALAMANDER a SCHUCO priamo na Slovensku. Kovanie Siegenia TITAN AF. U\u017e viac ako 20 rokov na trhu.","og_url":"https:\/\/www.adlerplus.sk\/en\/okna\/","og_site_name":"ADLER Plus s.r.o.","article_modified_time":"2026-01-09T06:28:07+00:00","og_image":[{"width":1900,"height":1067,"url":"https:\/\/www.adlerplus.sk\/wp-content\/uploads\/2025\/01\/Adler-vyroba-2.jpg","type":"image\/jpeg"}],"twitter_card":"summary_large_image","twitter_misc":{"Est. reading time":"2 minutes"},"schema":{"@context":"https:\/\/schema.org","@graph":[{"@type":"WebPage","@id":"https:\/\/www.adlerplus.sk\/okna\/","url":"https:\/\/www.adlerplus.sk\/okna\/","name":"Plastov\u00e9 okn\u00e1 od slovensk\u00e9ho v\u00fdrobcu - Adler Plus","isPartOf":{"@id":"https:\/\/www.adlerplus.sk\/#website"},"primaryImageOfPage":{"@id":"https:\/\/www.adlerplus.sk\/okna\/#primaryimage"},"image":{"@id":"https:\/\/www.adlerplus.sk\/okna\/#primaryimage"},"thumbnailUrl":"https:\/\/www.adlerplus.sk\/wp-content\/uploads\/2025\/01\/Adler-vyroba-2.jpg","datePublished":"2024-12-28T09:16:56+00:00","dateModified":"2026-01-09T06:28:07+00:00","description":"V\u00fdroba a predaj plastov\u00fdch okien SCHUCO priamo na Slovensku. Hlin\u00edkov\u00e9 okn\u00e1 na mieru od zna\u010dky ALUPROF. Z\u00edskajte pounuku e\u0161te dnes.","breadcrumb":{"@id":"https:\/\/www.adlerplus.sk\/okna\/#breadcrumb"},"inLanguage":"en-US","potentialAction":[{"@type":"ReadAction","target":["https:\/\/www.adlerplus.sk\/okna\/"]}]},{"@type":"ImageObject","inLanguage":"en-US","@id":"https:\/\/www.adlerplus.sk\/okna\/#primaryimage","url":"https:\/\/www.adlerplus.sk\/wp-content\/uploads\/2025\/01\/Adler-vyroba-2.jpg","contentUrl":"https:\/\/www.adlerplus.sk\/wp-content\/uploads\/2025\/01\/Adler-vyroba-2.jpg","width":1900,"height":1067,"caption":"V\u00fdroba plastov\u00fdch okien ADLER Jaslovsk\u00e9 Bohunice"},{"@type":"BreadcrumbList","@id":"https:\/\/www.adlerplus.sk\/okna\/#breadcrumb","itemListElement":[{"@type":"ListItem","position":1,"name":"Home","item":"https:\/\/www.adlerplus.sk\/"},{"@type":"ListItem","position":2,"name":"Plastov\u00e9 okn\u00e1"}]},{"@type":"WebSite","@id":"https:\/\/www.adlerplus.sk\/#website","url":"https:\/\/www.adlerplus.sk\/","name":"ADLER Plus s.r.o.","description":"V\u00fdroba plastov\u00fdch okien a dver\u00ed","publisher":{"@id":"https:\/\/www.adlerplus.sk\/#organization"},"potentialAction":[{"@type":"SearchAction","target":{"@type":"EntryPoint","urlTemplate":"https:\/\/www.adlerplus.sk\/?s={search_term_string}"},"query-input":{"@type":"PropertyValueSpecification","valueRequired":true,"valueName":"search_term_string"}}],"inLanguage":"en-US"},{"@type":"Organization","@id":"https:\/\/www.adlerplus.sk\/#organization","name":"ADLER Plus s.r.o.","url":"https:\/\/www.adlerplus.sk\/","logo":{"@type":"ImageObject","inLanguage":"en-US","@id":"https:\/\/www.adlerplus.sk\/#\/schema\/logo\/image\/","url":"https:\/\/www.adlerplus.sk\/wp-content\/uploads\/2019\/08\/logo-adler-retina-screen.png","contentUrl":"https:\/\/www.adlerplus.sk\/wp-content\/uploads\/2019\/08\/logo-adler-retina-screen.png","width":700,"height":153,"caption":"ADLER Plus s.r.o."},"image":{"@id":"https:\/\/www.adlerplus.sk\/#\/schema\/logo\/image\/"}}]}},"_links":{"self":[{"href":"https:\/\/www.adlerplus.sk\/en\/wp-json\/wp\/v2\/pages\/4533","targetHints":{"allow":["GET"]}}],"collection":[{"href":"https:\/\/www.adlerplus.sk\/en\/wp-json\/wp\/v2\/pages"}],"about":[{"href":"https:\/\/www.adlerplus.sk\/en\/wp-json\/wp\/v2\/types\/page"}],"author":[{"embeddable":true,"href":"https:\/\/www.adlerplus.sk\/en\/wp-json\/wp\/v2\/users\/1"}],"replies":[{"embeddable":true,"href":"https:\/\/www.adlerplus.sk\/en\/wp-json\/wp\/v2\/comments?post=4533"}],"version-history":[{"count":0,"href":"https:\/\/www.adlerplus.sk\/en\/wp-json\/wp\/v2\/pages\/4533\/revisions"}],"wp:featuredmedia":[{"embeddable":true,"href":"https:\/\/www.adlerplus.sk\/en\/wp-json\/wp\/v2\/media\/5480"}],"wp:attachment":[{"href":"https:\/\/www.adlerplus.sk\/en\/wp-json\/wp\/v2\/media?parent=4533"}],"curies":[{"name":"wp","href":"https:\/\/api.w.org\/{rel}","templated":true}]}}