{"id":6403,"date":"2025-01-11T09:29:37","date_gmt":"2025-01-11T08:29:37","guid":{"rendered":"https:\/\/www.adlerplus.sk\/?page_id=6403"},"modified":"2025-01-13T18:30:21","modified_gmt":"2025-01-13T17:30:21","slug":"montazne-prace","status":"publish","type":"page","link":"https:\/\/www.adlerplus.sk\/de\/montazne-prace\/","title":{"rendered":"Mont\u00e1\u017ene pr\u00e1ce"},"content":{"rendered":"<div data-elementor-type=\"wp-page\" data-elementor-id=\"6403\" class=\"elementor elementor-6403\" data-elementor-post-type=\"page\">\n\t\t\t\t<div class=\"elementor-element elementor-element-7c64fbb3 e-flex e-con-boxed e-con e-parent\" data-id=\"7c64fbb3\" data-element_type=\"container\" data-settings=\"{&quot;background_background&quot;:&quot;classic&quot;}\">\n\t\t\t\t\t<div class=\"e-con-inner\">\n\t\t\t\t<div class=\"elementor-element elementor-element-f676de4 elementor-widget elementor-widget-heading\" data-id=\"f676de4\" data-element_type=\"widget\" data-widget_type=\"heading.default\">\n\t\t\t\t<div class=\"elementor-widget-container\">\n\t\t\t\t\t<h6 class=\"elementor-heading-title elementor-size-default\">Okrem v\u00fdroby zabezpe\u010d\u00edme aj mont\u00e1\u017e<\/h6>\t\t\t\t<\/div>\n\t\t\t\t<\/div>\n\t\t\t\t<div class=\"elementor-element elementor-element-3ae1a94b elementor-widget elementor-widget-heading\" data-id=\"3ae1a94b\" data-element_type=\"widget\" data-widget_type=\"heading.default\">\n\t\t\t\t<div class=\"elementor-widget-container\">\n\t\t\t\t\t<h1 class=\"elementor-heading-title elementor-size-default\">Mont\u00e1\u017ene <span class=\"underline-green-2\">pr\u00e1ce<\/span><\/h1>\t\t\t\t<\/div>\n\t\t\t\t<\/div>\n\t\t\t\t<div class=\"elementor-element elementor-element-78f72b12 elementor-widget-divider--view-line elementor-widget elementor-widget-divider\" data-id=\"78f72b12\" data-element_type=\"widget\" data-widget_type=\"divider.default\">\n\t\t\t\t<div class=\"elementor-widget-container\">\n\t\t\t\t\t\t\t<div class=\"elementor-divider\">\n\t\t\t<span class=\"elementor-divider-separator\">\n\t\t\t\t\t\t<\/span>\n\t\t<\/div>\n\t\t\t\t\t\t<\/div>\n\t\t\t\t<\/div>\n\t\t\t\t\t<\/div>\n\t\t\t\t<\/div>\n\t\t<div class=\"elementor-element elementor-element-2235623b e-flex e-con-boxed e-con e-parent\" data-id=\"2235623b\" data-element_type=\"container\">\n\t\t\t\t\t<div class=\"e-con-inner\">\n\t\t<div class=\"elementor-element elementor-element-5d2d60c4 e-con-full e-flex e-con e-child\" data-id=\"5d2d60c4\" data-element_type=\"container\">\n\t\t\t\t<div class=\"elementor-element elementor-element-5ea8bc10 elementor-widget elementor-widget-heading\" data-id=\"5ea8bc10\" data-element_type=\"widget\" data-widget_type=\"heading.default\">\n\t\t\t\t<div class=\"elementor-widget-container\">\n\t\t\t\t\t<h2 class=\"elementor-heading-title elementor-size-default\">Sekciu pripravujeme<\/h2>\t\t\t\t<\/div>\n\t\t\t\t<\/div>\n\t\t\t\t<div class=\"elementor-element elementor-element-648a38c3 elementor-widget elementor-widget-text-editor\" data-id=\"648a38c3\" data-element_type=\"widget\" data-widget_type=\"text-editor.default\">\n\t\t\t\t<div class=\"elementor-widget-container\">\n\t\t\t\t\t\t\t\t\t<p>Viac inform\u00e1ci\u00ed oh\u013eadom mont\u00e1\u017ee u\u017e \u010doskoro..<\/p>\t\t\t\t\t\t\t\t<\/div>\n\t\t\t\t<\/div>\n\t\t\t\t<\/div>\n\t\t\t\t\t<\/div>\n\t\t\t\t<\/div>\n\t\t<div class=\"elementor-element elementor-element-799cdc84 e-flex e-con-boxed e-con e-parent\" data-id=\"799cdc84\" data-element_type=\"container\" data-settings=\"{&quot;background_background&quot;:&quot;classic&quot;}\">\n\t\t\t\t\t<div class=\"e-con-inner\">\n\t\t\t\t<div class=\"elementor-element elementor-element-7dce19e7 elementor-widget elementor-widget-heading\" data-id=\"7dce19e7\" data-element_type=\"widget\" data-widget_type=\"heading.default\">\n\t\t\t\t<div class=\"elementor-widget-container\">\n\t\t\t\t\t<h2 class=\"elementor-heading-title elementor-size-default\">Cenov\u00e1 ponuka na mieru<\/h2>\t\t\t\t<\/div>\n\t\t\t\t<\/div>\n\t\t\t\t<div class=\"elementor-element elementor-element-7f0ce8be elementor-widget elementor-widget-text-editor\" data-id=\"7f0ce8be\" data-element_type=\"widget\" data-widget_type=\"text-editor.default\">\n\t\t\t\t<div class=\"elementor-widget-container\">\n\t\t\t\t\t\t\t\t\t<p>Ak h\u013ead\u00e1te cenov\u00fa ponuku presne na mieru, vypl\u0148te n\u00e1\u0161 jednoduch\u00fd online formul\u00e1r, alebo n\u00e1s priamo kontaktujte e-mailom \u010di telefonicky.<\/p><p>Na\u0161a spolo\u010dnos\u0165 p\u00f4sob\u00ed po celom Slovensku, vr\u00e1tane miest ako Bratislava, Ko\u0161ice, Pre\u0161ov, \u017dilina, Bansk\u00e1 Bystrica, Nitra, Trnava, Tren\u010d\u00edn, Martin a Poprad. Nez\u00e1le\u017e\u00ed, kde sa nach\u00e1dzate \u2013 sme pripraven\u00ed poskytn\u00fa\u0165 V\u00e1m profesion\u00e1lne slu\u017eby a rie\u0161enia prisp\u00f4soben\u00e9 Va\u0161im potreb\u00e1m.<\/p><p>Oslovte n\u00e1s e\u0161te dnes!<\/p>\t\t\t\t\t\t\t\t<\/div>\n\t\t\t\t<\/div>\n\t\t<div class=\"elementor-element elementor-element-6883ea0e e-con-full e-flex e-con e-child\" data-id=\"6883ea0e\" data-element_type=\"container\">\n\t\t\t\t<div class=\"elementor-element elementor-element-323c7e8d elementor-widget__width-auto tlacidlo-green elementor-widget elementor-widget-button\" data-id=\"323c7e8d\" data-element_type=\"widget\" data-widget_type=\"button.default\">\n\t\t\t\t<div class=\"elementor-widget-container\">\n\t\t\t\t\t\t\t\t\t<div class=\"elementor-button-wrapper\">\n\t\t\t\t\t<a class=\"elementor-button elementor-button-link elementor-size-sm\" href=\"\/de\/cenova-ponuka\/\">\n\t\t\t\t\t\t<span class=\"elementor-button-content-wrapper\">\n\t\t\t\t\t\t<span class=\"elementor-button-icon\">\n\t\t\t\t<svg xmlns=\"http:\/\/www.w3.org\/2000\/svg\" height=\"512\" viewbox=\"0 0 24 24\" width=\"512\"><path d=\"m8.75 17.612v4.638c0 .324.208.611.516.713.077.025.156.037.234.037.234 0 .46-.11.604-.306l2.713-3.692z\"><\/path><path d=\"m23.685.139c-.23-.163-.532-.185-.782-.054l-22.5 11.75c-.266.139-.423.423-.401.722.023.3.222.556.505.653l6.255 2.138 13.321-11.39-10.308 12.419 10.483 3.583c.078.026.16.04.242.04.136 0 .271-.037.39-.109.19-.116.319-.311.352-.53l2.75-18.5c.041-.28-.077-.558-.307-.722z\"><\/path><\/svg>\t\t\t<\/span>\n\t\t\t\t\t\t\t\t\t<span class=\"elementor-button-text\">Formul\u00e1r<\/span>\n\t\t\t\t\t<\/span>\n\t\t\t\t\t<\/a>\n\t\t\t\t<\/div>\n\t\t\t\t\t\t\t\t<\/div>\n\t\t\t\t<\/div>\n\t\t\t\t<div class=\"elementor-element elementor-element-1fdc9f48 elementor-widget__width-auto tlacidlo-green elementor-widget elementor-widget-button\" data-id=\"1fdc9f48\" data-element_type=\"widget\" data-widget_type=\"button.default\">\n\t\t\t\t<div class=\"elementor-widget-container\">\n\t\t\t\t\t\t\t\t\t<div class=\"elementor-button-wrapper\">\n\t\t\t\t\t<a class=\"elementor-button elementor-button-link elementor-size-sm\" href=\"https:\/\/www.adlerplus.sk\/de\/kontakt\/\">\n\t\t\t\t\t\t<span class=\"elementor-button-content-wrapper\">\n\t\t\t\t\t\t<span class=\"elementor-button-icon\">\n\t\t\t\t<svg xmlns=\"http:\/\/www.w3.org\/2000\/svg\" id=\"Layer_1\" data-name=\"Layer 1\" viewbox=\"0 0 11.99 11.99\"><path d=\"M8,7A1,1,0,0,1,9,6h8a1,1,0,0,1,1,1v8a1,1,0,0,1-2,0V9.41l-8.29,8.3a1,1,0,0,1-1.42-1.42L14.59,8H9A1,1,0,0,1,8,7Z\" transform=\"translate(-6.01 -6)\"><\/path><\/svg>\t\t\t<\/span>\n\t\t\t\t\t\t\t\t\t<span class=\"elementor-button-text\">Kontaktn\u00e9 \u00fadaje<\/span>\n\t\t\t\t\t<\/span>\n\t\t\t\t\t<\/a>\n\t\t\t\t<\/div>\n\t\t\t\t\t\t\t\t<\/div>\n\t\t\t\t<\/div>\n\t\t\t\t<\/div>\n\t\t\t\t\t<\/div>\n\t\t\t\t<\/div>\n\t\t\t\t<\/div>","protected":false},"excerpt":{"rendered":"<p>Okrem v\u00fdroby zabezpe\u010d\u00edme aj mont\u00e1\u017e Mont\u00e1\u017ene pr\u00e1ce Sekciu pripravujeme Viac inform\u00e1ci\u00ed oh\u013eadom mont\u00e1\u017ee u\u017e \u010doskoro.. Cenov\u00e1 ponuka na mieru Ak h\u013ead\u00e1te cenov\u00fa ponuku presne na mieru, vypl\u0148te n\u00e1\u0161 jednoduch\u00fd online formul\u00e1r, alebo n\u00e1s priamo kontaktujte e-mailom \u010di telefonicky. Na\u0161a spolo\u010dnos\u0165 p\u00f4sob\u00ed po celom Slovensku, vr\u00e1tane miest ako Bratislava, Ko\u0161ice, Pre\u0161ov, \u017dilina, Bansk\u00e1 Bystrica, Nitra, Trnava, [&hellip;]<\/p>","protected":false},"author":1,"featured_media":6840,"parent":0,"menu_order":0,"comment_status":"closed","ping_status":"closed","template":"","meta":{"footnotes":""},"class_list":["post-6403","page","type-page","status-publish","has-post-thumbnail","hentry"],"yoast_head":"<!-- This site is optimized with the Yoast SEO plugin v25.5 - https:\/\/yoast.com\/wordpress\/plugins\/seo\/ -->\n<title>Mont\u00e1\u017ene pr\u00e1ce - mont\u00e1\u017e okien - ADLER Plus s.r.o.<\/title>\n<meta name=\"description\" content=\"H\u013ead\u00e1te odborn\u00fa mont\u00e1\u017e okien? S nami z\u00edskate kvalitn\u00e9, presn\u00e9 a r\u00fdchle slu\u017eby mont\u00e1\u017ee. Kontaktujte n\u00e1s e\u0161te dnes.\" \/>\n<meta name=\"robots\" content=\"index, follow, max-snippet:-1, max-image-preview:large, max-video-preview:-1\" \/>\n<link rel=\"canonical\" href=\"https:\/\/www.adlerplus.sk\/de\/montazne-prace\/\" \/>\n<meta property=\"og:locale\" content=\"de_DE\" \/>\n<meta property=\"og:type\" content=\"article\" \/>\n<meta property=\"og:title\" content=\"Mont\u00e1\u017ene pr\u00e1ce - mont\u00e1\u017e okien - ADLER Plus s.r.o.\" \/>\n<meta property=\"og:description\" content=\"H\u013ead\u00e1te odborn\u00fa mont\u00e1\u017e okien? S nami z\u00edskate kvalitn\u00e9, presn\u00e9 a r\u00fdchle slu\u017eby mont\u00e1\u017ee. Kontaktujte n\u00e1s e\u0161te dnes.\" \/>\n<meta property=\"og:url\" content=\"https:\/\/www.adlerplus.sk\/de\/montazne-prace\/\" \/>\n<meta property=\"og:site_name\" content=\"ADLER Plus s.r.o.\" \/>\n<meta property=\"article:modified_time\" content=\"2025-01-13T17:30:21+00:00\" \/>\n<meta property=\"og:image\" content=\"https:\/\/www.adlerplus.sk\/wp-content\/uploads\/2025\/01\/motaz-okien-montazne-prace.jpg\" \/>\n\t<meta property=\"og:image:width\" content=\"1200\" \/>\n\t<meta property=\"og:image:height\" content=\"800\" \/>\n\t<meta property=\"og:image:type\" content=\"image\/jpeg\" \/>\n<meta name=\"twitter:card\" content=\"summary_large_image\" \/>\n<meta name=\"twitter:label1\" content=\"Gesch\u00e4tzte Lesezeit\" \/>\n\t<meta name=\"twitter:data1\" content=\"1\u00a0Minute\" \/>\n<script type=\"application\/ld+json\" class=\"yoast-schema-graph\">{\"@context\":\"https:\/\/schema.org\",\"@graph\":[{\"@type\":\"WebPage\",\"@id\":\"https:\/\/www.adlerplus.sk\/en\/montazne-prace\/\",\"url\":\"https:\/\/www.adlerplus.sk\/en\/montazne-prace\/\",\"name\":\"Mont\u00e1\u017ene pr\u00e1ce - mont\u00e1\u017e okien - ADLER Plus s.r.o.\",\"isPartOf\":{\"@id\":\"https:\/\/www.adlerplus.sk\/#website\"},\"primaryImageOfPage\":{\"@id\":\"https:\/\/www.adlerplus.sk\/en\/montazne-prace\/#primaryimage\"},\"image\":{\"@id\":\"https:\/\/www.adlerplus.sk\/en\/montazne-prace\/#primaryimage\"},\"thumbnailUrl\":\"https:\/\/www.adlerplus.sk\/wp-content\/uploads\/2025\/01\/motaz-okien-montazne-prace.jpg\",\"datePublished\":\"2025-01-11T08:29:37+00:00\",\"dateModified\":\"2025-01-13T17:30:21+00:00\",\"description\":\"H\u013ead\u00e1te odborn\u00fa mont\u00e1\u017e okien? S nami z\u00edskate kvalitn\u00e9, presn\u00e9 a r\u00fdchle slu\u017eby mont\u00e1\u017ee. Kontaktujte n\u00e1s e\u0161te dnes.\",\"breadcrumb\":{\"@id\":\"https:\/\/www.adlerplus.sk\/en\/montazne-prace\/#breadcrumb\"},\"inLanguage\":\"de\",\"potentialAction\":[{\"@type\":\"ReadAction\",\"target\":[\"https:\/\/www.adlerplus.sk\/en\/montazne-prace\/\"]}]},{\"@type\":\"ImageObject\",\"inLanguage\":\"de\",\"@id\":\"https:\/\/www.adlerplus.sk\/en\/montazne-prace\/#primaryimage\",\"url\":\"https:\/\/www.adlerplus.sk\/wp-content\/uploads\/2025\/01\/motaz-okien-montazne-prace.jpg\",\"contentUrl\":\"https:\/\/www.adlerplus.sk\/wp-content\/uploads\/2025\/01\/motaz-okien-montazne-prace.jpg\",\"width\":1200,\"height\":800,\"caption\":\"montaz okien montazne prace adler plus blog\"},{\"@type\":\"BreadcrumbList\",\"@id\":\"https:\/\/www.adlerplus.sk\/en\/montazne-prace\/#breadcrumb\",\"itemListElement\":[{\"@type\":\"ListItem\",\"position\":1,\"name\":\"Home\",\"item\":\"https:\/\/www.adlerplus.sk\/\"},{\"@type\":\"ListItem\",\"position\":2,\"name\":\"Mont\u00e1\u017ene pr\u00e1ce\"}]},{\"@type\":\"WebSite\",\"@id\":\"https:\/\/www.adlerplus.sk\/#website\",\"url\":\"https:\/\/www.adlerplus.sk\/\",\"name\":\"ADLER Plus s.r.o.\",\"description\":\"V\u00fdroba plastov\u00fdch okien a dver\u00ed\",\"publisher\":{\"@id\":\"https:\/\/www.adlerplus.sk\/#organization\"},\"potentialAction\":[{\"@type\":\"SearchAction\",\"target\":{\"@type\":\"EntryPoint\",\"urlTemplate\":\"https:\/\/www.adlerplus.sk\/?s={search_term_string}\"},\"query-input\":{\"@type\":\"PropertyValueSpecification\",\"valueRequired\":true,\"valueName\":\"search_term_string\"}}],\"inLanguage\":\"de\"},{\"@type\":\"Organization\",\"@id\":\"https:\/\/www.adlerplus.sk\/#organization\",\"name\":\"ADLER Plus s.r.o.\",\"url\":\"https:\/\/www.adlerplus.sk\/\",\"logo\":{\"@type\":\"ImageObject\",\"inLanguage\":\"de\",\"@id\":\"https:\/\/www.adlerplus.sk\/#\/schema\/logo\/image\/\",\"url\":\"https:\/\/www.adlerplus.sk\/wp-content\/uploads\/2019\/08\/logo-adler-retina-screen.png\",\"contentUrl\":\"https:\/\/www.adlerplus.sk\/wp-content\/uploads\/2019\/08\/logo-adler-retina-screen.png\",\"width\":700,\"height\":153,\"caption\":\"ADLER Plus s.r.o.\"},\"image\":{\"@id\":\"https:\/\/www.adlerplus.sk\/#\/schema\/logo\/image\/\"}}]}<\/script>\n<!-- \/ Yoast SEO plugin. -->","yoast_head_json":{"title":"Mont\u00e1\u017ene pr\u00e1ce - mont\u00e1\u017e okien - ADLER Plus s.r.o.","description":"H\u013ead\u00e1te odborn\u00fa mont\u00e1\u017e okien? S nami z\u00edskate kvalitn\u00e9, presn\u00e9 a r\u00fdchle slu\u017eby mont\u00e1\u017ee. Kontaktujte n\u00e1s e\u0161te dnes.","robots":{"index":"index","follow":"follow","max-snippet":"max-snippet:-1","max-image-preview":"max-image-preview:large","max-video-preview":"max-video-preview:-1"},"canonical":"https:\/\/www.adlerplus.sk\/de\/montazne-prace\/","og_locale":"de_DE","og_type":"article","og_title":"Mont\u00e1\u017ene pr\u00e1ce - mont\u00e1\u017e okien - ADLER Plus s.r.o.","og_description":"H\u013ead\u00e1te odborn\u00fa mont\u00e1\u017e okien? S nami z\u00edskate kvalitn\u00e9, presn\u00e9 a r\u00fdchle slu\u017eby mont\u00e1\u017ee. Kontaktujte n\u00e1s e\u0161te dnes.","og_url":"https:\/\/www.adlerplus.sk\/de\/montazne-prace\/","og_site_name":"ADLER Plus s.r.o.","article_modified_time":"2025-01-13T17:30:21+00:00","og_image":[{"width":1200,"height":800,"url":"https:\/\/www.adlerplus.sk\/wp-content\/uploads\/2025\/01\/motaz-okien-montazne-prace.jpg","type":"image\/jpeg"}],"twitter_card":"summary_large_image","twitter_misc":{"Gesch\u00e4tzte Lesezeit":"1\u00a0Minute"},"schema":{"@context":"https:\/\/schema.org","@graph":[{"@type":"WebPage","@id":"https:\/\/www.adlerplus.sk\/en\/montazne-prace\/","url":"https:\/\/www.adlerplus.sk\/en\/montazne-prace\/","name":"Mont\u00e1\u017ene pr\u00e1ce - mont\u00e1\u017e okien - ADLER Plus s.r.o.","isPartOf":{"@id":"https:\/\/www.adlerplus.sk\/#website"},"primaryImageOfPage":{"@id":"https:\/\/www.adlerplus.sk\/en\/montazne-prace\/#primaryimage"},"image":{"@id":"https:\/\/www.adlerplus.sk\/en\/montazne-prace\/#primaryimage"},"thumbnailUrl":"https:\/\/www.adlerplus.sk\/wp-content\/uploads\/2025\/01\/motaz-okien-montazne-prace.jpg","datePublished":"2025-01-11T08:29:37+00:00","dateModified":"2025-01-13T17:30:21+00:00","description":"H\u013ead\u00e1te odborn\u00fa mont\u00e1\u017e okien? S nami z\u00edskate kvalitn\u00e9, presn\u00e9 a r\u00fdchle slu\u017eby mont\u00e1\u017ee. Kontaktujte n\u00e1s e\u0161te dnes.","breadcrumb":{"@id":"https:\/\/www.adlerplus.sk\/en\/montazne-prace\/#breadcrumb"},"inLanguage":"de","potentialAction":[{"@type":"ReadAction","target":["https:\/\/www.adlerplus.sk\/en\/montazne-prace\/"]}]},{"@type":"ImageObject","inLanguage":"de","@id":"https:\/\/www.adlerplus.sk\/en\/montazne-prace\/#primaryimage","url":"https:\/\/www.adlerplus.sk\/wp-content\/uploads\/2025\/01\/motaz-okien-montazne-prace.jpg","contentUrl":"https:\/\/www.adlerplus.sk\/wp-content\/uploads\/2025\/01\/motaz-okien-montazne-prace.jpg","width":1200,"height":800,"caption":"montaz okien montazne prace adler plus blog"},{"@type":"BreadcrumbList","@id":"https:\/\/www.adlerplus.sk\/en\/montazne-prace\/#breadcrumb","itemListElement":[{"@type":"ListItem","position":1,"name":"Home","item":"https:\/\/www.adlerplus.sk\/"},{"@type":"ListItem","position":2,"name":"Mont\u00e1\u017ene pr\u00e1ce"}]},{"@type":"WebSite","@id":"https:\/\/www.adlerplus.sk\/#website","url":"https:\/\/www.adlerplus.sk\/","name":"ADLER Plus s.r.o.","description":"V\u00fdroba plastov\u00fdch okien a dver\u00ed","publisher":{"@id":"https:\/\/www.adlerplus.sk\/#organization"},"potentialAction":[{"@type":"SearchAction","target":{"@type":"EntryPoint","urlTemplate":"https:\/\/www.adlerplus.sk\/?s={search_term_string}"},"query-input":{"@type":"PropertyValueSpecification","valueRequired":true,"valueName":"search_term_string"}}],"inLanguage":"de"},{"@type":"Organization","@id":"https:\/\/www.adlerplus.sk\/#organization","name":"ADLER Plus s.r.o.","url":"https:\/\/www.adlerplus.sk\/","logo":{"@type":"ImageObject","inLanguage":"de","@id":"https:\/\/www.adlerplus.sk\/#\/schema\/logo\/image\/","url":"https:\/\/www.adlerplus.sk\/wp-content\/uploads\/2019\/08\/logo-adler-retina-screen.png","contentUrl":"https:\/\/www.adlerplus.sk\/wp-content\/uploads\/2019\/08\/logo-adler-retina-screen.png","width":700,"height":153,"caption":"ADLER Plus s.r.o."},"image":{"@id":"https:\/\/www.adlerplus.sk\/#\/schema\/logo\/image\/"}}]}},"_links":{"self":[{"href":"https:\/\/www.adlerplus.sk\/de\/wp-json\/wp\/v2\/pages\/6403","targetHints":{"allow":["GET"]}}],"collection":[{"href":"https:\/\/www.adlerplus.sk\/de\/wp-json\/wp\/v2\/pages"}],"about":[{"href":"https:\/\/www.adlerplus.sk\/de\/wp-json\/wp\/v2\/types\/page"}],"author":[{"embeddable":true,"href":"https:\/\/www.adlerplus.sk\/de\/wp-json\/wp\/v2\/users\/1"}],"replies":[{"embeddable":true,"href":"https:\/\/www.adlerplus.sk\/de\/wp-json\/wp\/v2\/comments?post=6403"}],"version-history":[{"count":0,"href":"https:\/\/www.adlerplus.sk\/de\/wp-json\/wp\/v2\/pages\/6403\/revisions"}],"wp:featuredmedia":[{"embeddable":true,"href":"https:\/\/www.adlerplus.sk\/de\/wp-json\/wp\/v2\/media\/6840"}],"wp:attachment":[{"href":"https:\/\/www.adlerplus.sk\/de\/wp-json\/wp\/v2\/media?parent=6403"}],"curies":[{"name":"wp","href":"https:\/\/api.w.org\/{rel}","templated":true}]}}